{"id":83,"date":"2021-05-30T12:07:31","date_gmt":"2021-05-30T12:07:31","guid":{"rendered":"https:\/\/xstore.8theme.com\/elementor\/demos\/real-estate\/?page_id=83"},"modified":"2022-01-14T10:18:48","modified_gmt":"2022-01-14T10:18:48","slug":"about-us","status":"publish","type":"page","link":"https:\/\/co-factor.com\/ro\/about-us\/","title":{"rendered":"Despre noi"},"content":{"rendered":"<p>[vc_row full_width=&#8221;stretch_row_content&#8221; full_height=&#8221;yes&#8221; columns_placement=&#8221;top&#8221; equal_height=&#8221;yes&#8221; content_placement=&#8221;top&#8221; css_animation=&#8221;top-to-bottom&#8221; background_position=&#8221;right&#8221; animation_in_type=&#8221;transition.expandIn&#8221; animation_in_offset=&#8221;100&#8243; animation_in_duration=&#8221;300&#8243; animation_in_delay=&#8221;0&#8243; css=&#8221;.vc_custom_1638202225260{margin-top: -40px !important;padding-top: 0px !important;padding-bottom: 200px !important;background-image: url(http:\/\/co-factor.com\/wp-content\/uploads\/2021\/11\/bg1.png?id=2246) !important;background-position: 0 0 !important;background-repeat: no-repeat !important;}&#8221; _et_uniqid=&#8221;et_custom_uniqid_new_61a4fb6aa9585&#8243; el_id=&#8221;sect-about-us-header&#8221;][vc_column width=&#8221;1\/6&#8243; _et_uniqid=&#8221;et_custom_uniqid_new_617fdaece70ec&#8221;][\/vc_column][vc_column width=&#8221;1\/3&#8243; _et_uniqid=&#8221;et_custom_uniqid_new_617fdae26a17c&#8221;][vc_column_text css_animation=&#8221;slideInDown&#8221; css=&#8221;.vc_custom_1642155371542{margin-top: 60px !important;}&#8221;]<\/p>\n<p class=\"hometext\">Misiunea noastr\u0103<span class=\"bluetext\"> este s\u0103 contribuim la crearea unui mediu de lucru c\u00e2t mai uman<\/span>, unde angaja\u021bii se simt aprecia\u021bi \u0219i particip\u0103 activ la succesul afacerii.<\/p>\n<p>[\/vc_column_text][\/vc_column][vc_column width=&#8221;1\/2&#8243;][vc_single_image image=&#8221;3313&#8243; img_size=&#8221;470&#215;474&#8243; alignment=&#8221;center&#8221; css_animation=&#8221;right-to-left&#8221; css=&#8221;.vc_custom_1639670934226{margin-bottom: 0px !important;}&#8221;][\/vc_column][\/vc_row][vc_row full_width=&#8221;stretch_row_content_no_spaces&#8221; css_animation=&#8221;top-to-bottom&#8221; _et_uniqid=&#8221;et_custom_uniqid_new_619e51805ffd3&#8243; css=&#8221;.vc_custom_1637765508735{margin-top: -100px !important;}&#8221;][vc_column width=&#8221;1\/6&#8243;][\/vc_column][vc_column width=&#8221;2\/3&#8243;][vc_column_text css_animation=&#8221;slideInDown&#8221;]<\/p>\n<h3 class=\"about-us-title-h3\">Viziunea noastr\u0103<\/h3>\n<p>[\/vc_column_text][vc_column_text css_animation=&#8221;appear&#8221;]Vis\u0103m la o lume \u00een care fiecare angajat s\u0103-\u0219i ating\u0103 poten\u021bialul maxim \u0219i fiecare companie s\u0103 devin\u0103 nu doar o afacere de succes, ci \u0219i o comunitate.[\/vc_column_text][vc_empty_space][\/vc_column][vc_column width=&#8221;1\/6&#8243;][\/vc_column][\/vc_row][vc_row full_width=&#8221;stretch_row_content_no_spaces&#8221; content_placement=&#8221;middle&#8221; css_animation=&#8221;top-to-bottom&#8221; _et_uniqid=&#8221;et_custom_uniqid_new_619e518625ac9&#8243; el_id=&#8221;sect-about-us-1&#8243;][vc_column width=&#8221;1\/4&#8243;][\/vc_column][vc_column width=&#8221;1\/4&#8243;][vc_single_image image=&#8221;2219&#8243; img_size=&#8221;full&#8221; alignment=&#8221;center&#8221; css_animation=&#8221;slideInDown&#8221; el_class=&#8221;show-976&#8243;][vc_single_image image=&#8221;2219&#8243; img_size=&#8221;full&#8221; alignment=&#8221;center&#8221; css_animation=&#8221;slideInDown&#8221; el_class=&#8221;hide-976&#8243;][\/vc_column][vc_column width=&#8221;1\/4&#8243;][vc_column_text css_animation=&#8221;top-to-bottom&#8221; el_class=&#8221;no-uppercase&#8221;]<\/p>\n<h3 class=\"aboutus-title-h3-2\">1. Genereaz\u0103 impact<\/h3>\n<p>[\/vc_column_text][vc_column_text css_animation=&#8221;top-to-bottom&#8221;]Platforma Co-Factor nu este doar un instrument strategic pentru HR, ci \u0219i unul extrem de puternic de leadership, care ajut\u0103 liderii s\u0103 angreneze \u00eentreaga organiza\u021bie \u00een implementarea \u00een timp real a strategiei de business, oricare ar fi aceasta \u0219i oricare ar fi domeniul de activitate.[\/vc_column_text][\/vc_column][vc_column width=&#8221;1\/4&#8243;][\/vc_column][\/vc_row][vc_section full_width=&#8221;stretch_row_content&#8221; full_height=&#8221;yes&#8221; content_placement=&#8221;middle&#8221; _et_uniqid=&#8221;et_custom_uniqid_new_619e14e4d41d8&#8243; css=&#8221;.vc_custom_1637749999502{margin-top: -300px !important;margin-bottom: -200px !important;background-image: url(http:\/\/co-factor.com\/wp-content\/uploads\/2021\/11\/bg2.png?id=2247) !important;background-position: center !important;background-repeat: no-repeat !important;background-size: contain !important;}&#8221; el_id=&#8221;sect-about-us-mid&#8221;][vc_row full_width=&#8221;stretch_row_content_no_spaces&#8221; content_placement=&#8221;middle&#8221; _et_uniqid=&#8221;et_custom_uniqid_new_619e15b0076a7&#8243; el_id=&#8221;sect-about-us-2&#8243;][vc_column width=&#8221;1\/4&#8243;][\/vc_column][vc_column width=&#8221;1\/4&#8243; _et_uniqid=&#8221;et_custom_uniqid_new_618c4e72c2016&#8243;][vc_single_image image=&#8221;2218&#8243; img_size=&#8221;full&#8221; alignment=&#8221;center&#8221; css_animation=&#8221;slideInDown&#8221; el_class=&#8221;show-976&#8243;][vc_column_text css_animation=&#8221;top-to-bottom&#8221;]<\/p>\n<h3 class=\"aboutus-title-h3-2\">2. Simplific\u0103 procesele<\/h3>\n<p>[\/vc_column_text][vc_column_text css_animation=&#8221;top-to-bottom&#8221;]Co-Factor faciliteaz\u0103 succesul companiilor, oferind un mix unic de instrumente \u0219i functionalit\u0103\u021bi integrate \u00eentr-o platforma digital\u0103 inovativ\u0103, centrat\u0103 pe angajat, capabil\u0103 s\u0103 opera\u021bionalizeze, individual sau simultan, procese organiza\u021bionale majore.[\/vc_column_text][\/vc_column][vc_column width=&#8221;1\/4&#8243;][vc_single_image image=&#8221;2218&#8243; img_size=&#8221;full&#8221; alignment=&#8221;center&#8221; css_animation=&#8221;slideInDown&#8221; el_class=&#8221;hide-976&#8243;][\/vc_column][vc_column width=&#8221;1\/4&#8243;][\/vc_column][\/vc_row][\/vc_section][vc_row full_width=&#8221;stretch_row_content_no_spaces&#8221; content_placement=&#8221;middle&#8221; _et_uniqid=&#8221;et_custom_uniqid_new_619e15a6b4632&#8243; el_id=&#8221;sect-about-us-3&#8243;][vc_column width=&#8221;1\/4&#8243;][\/vc_column][vc_column width=&#8221;1\/4&#8243;][vc_single_image image=&#8221;2217&#8243; img_size=&#8221;full&#8221; alignment=&#8221;center&#8221; css_animation=&#8221;slideInDown&#8221; el_class=&#8221;show-976&#8243;][vc_single_image image=&#8221;2217&#8243; img_size=&#8221;full&#8221; alignment=&#8221;center&#8221; css_animation=&#8221;slideInDown&#8221; el_class=&#8221;hide-976&#8243;][\/vc_column][vc_column width=&#8221;1\/4&#8243;][vc_column_text css_animation=&#8221;top-to-bottom&#8221;]<\/p>\n<h3 class=\"aboutus-title-h3-2\">3. \u00cenva\u021b\u0103 \u0219i optimizeaz\u0103 rapid<\/h3>\n<p>[\/vc_column_text][vc_column_text css_animation=&#8221;top-to-bottom&#8221;]Companiile se concentreaz\u0103, de obicei, pe m\u0103surarea problemelor de ansamblu ale afacerii, ignor\u00e2nd nevoile individuale ale angaja\u021bilor.[\/vc_column_text][vc_column_text css_animation=&#8221;top-to-bottom&#8221;]<\/p>\n<ul>\n<li>Recunoa\u0219terea \u0219i recompensarea progresului individual<\/li>\n<li>Oferirea de oportunit\u0103\u021bi, nu doar atribuirea de responsabilit\u0103\u021bi<\/li>\n<li>Furnizarea tuturor instrumentelor necesare pentru atingerea obiectivelor<\/li>\n<li>Promovarea valorilor organiza\u021bionale, pentru a crea un cadru de lucru pozitiv<\/li>\n<\/ul>\n<p>[\/vc_column_text][\/vc_column][vc_column width=&#8221;1\/4&#8243;][\/vc_column][\/vc_row][vc_row full_width=&#8221;stretch_row_content_no_spaces&#8221; full_height=&#8221;yes&#8221; css_animation=&#8221;top-to-bottom&#8221; _et_uniqid=&#8221;et_custom_uniqid_new_61ae98367d1bd&#8221; css=&#8221;.vc_custom_1638832185602{margin-top: -100px !important;background-image: url(http:\/\/co-factor.com\/wp-content\/uploads\/2021\/11\/bg3.png?id=2248) !important;background-position: center !important;background-repeat: no-repeat !important;background-size: cover !important;}&#8221; el_id=&#8221;sect-about-us-footer&#8221;][vc_column width=&#8221;1\/6&#8243;][\/vc_column][vc_column width=&#8221;2\/3&#8243;][vc_column_text css_animation=&#8221;appear&#8221;]<\/p>\n<h3 class=\"homepage-title-h3\">Suntem aici s\u0103 afl\u0103m provoc\u0103rile cu care te confrun\u021bi<br \/>\n\u0219i s\u0103 sprijinim succesul organiza\u021biei tale!<\/h3>\n<p>[\/vc_column_text][vc_row_inner][vc_column_inner width=&#8221;1\/4&#8243;][\/vc_column_inner][vc_column_inner width=&#8221;1\/4&#8243;]\r\n\t\t<div class=\"et-fancy-button button-green small-bt et-fancy-button-4475\">\r\n\r\n\t\t\t<div class=\"button-wrap inline-block\"><a href=\"http:\/\/co-factor.com\/ro\/instant-demo\/\" class=\"btn flex flex-nowrap justify-content-center align-items-center  style-custom  size-custom\" title=\"Demo\" target=\"_blank\"> <span>Demo<\/span> <\/a><\/div>\r\n\t\t<\/div>\r\n\t\r\n\t\t[\/vc_column_inner][vc_column_inner width=&#8221;1\/4&#8243;]\r\n\t\t<div class=\"et-fancy-button button-green button-green3 small-bt et-fancy-button-9832\">\r\n\r\n\t\t\t<div class=\"button-wrap inline-block\"><a href=\"http:\/\/co-factor.com\/ro\/pricing-options\/\" class=\"btn flex flex-nowrap justify-content-center align-items-center  style-custom  size-custom\" title=\"Pachete\" target=\"_blank\"> <span>Pachete<\/span> <\/a><\/div>\r\n\t\t<\/div>\r\n\t\r\n\t\t[\/vc_column_inner][vc_column_inner width=&#8221;1\/4&#8243;][\/vc_column_inner][\/vc_row_inner][\/vc_column][vc_column width=&#8221;1\/6&#8243;][\/vc_column][\/vc_row]<\/p>\n","protected":false},"excerpt":{"rendered":"<p>[vc_row full_width=&#8221;stretch_row_content&#8221; full_height=&#8221;yes&#8221; columns_placement=&#8221;top&#8221; equal_height=&#8221;yes&#8221; content_placement=&#8221;top&#8221; css_animation=&#8221;none&#8221; background_position=&#8221;center&#8221; animation_in_type=&#8221;transition.expandIn&#8221; animation_in_offset=&#8221;100&#8243; animatio&#8230;<\/p>\n","protected":false},"author":1,"featured_media":0,"parent":0,"menu_order":0,"comment_status":"closed","ping_status":"closed","template":"","meta":{"inline_featured_image":false},"translation":{"provider":"WPGlobus","version":"2.8.10","language":"ro","enabled_languages":["en","ro"],"languages":{"en":{"title":true,"content":true,"excerpt":true},"ro":{"title":true,"content":true,"excerpt":true}}},"_links":{"self":[{"href":"https:\/\/co-factor.com\/ro\/wp-json\/wp\/v2\/pages\/83"}],"collection":[{"href":"https:\/\/co-factor.com\/ro\/wp-json\/wp\/v2\/pages"}],"about":[{"href":"https:\/\/co-factor.com\/ro\/wp-json\/wp\/v2\/types\/page"}],"author":[{"embeddable":true,"href":"https:\/\/co-factor.com\/ro\/wp-json\/wp\/v2\/users\/1"}],"replies":[{"embeddable":true,"href":"https:\/\/co-factor.com\/ro\/wp-json\/wp\/v2\/comments?post=83"}],"version-history":[{"count":0,"href":"https:\/\/co-factor.com\/ro\/wp-json\/wp\/v2\/pages\/83\/revisions"}],"wp:attachment":[{"href":"https:\/\/co-factor.com\/ro\/wp-json\/wp\/v2\/media?parent=83"}],"curies":[{"name":"wp","href":"https:\/\/api.w.org\/{rel}","templated":true}]}}