{"id":4022,"date":"2021-12-20T09:10:40","date_gmt":"2021-12-20T09:10:40","guid":{"rendered":"http:\/\/co-factor.com\/?page_id=4022"},"modified":"2021-12-20T11:39:17","modified_gmt":"2021-12-20T11:39:17","slug":"cancel","status":"publish","type":"page","link":"https:\/\/co-factor.com\/ro\/cancel\/","title":{"rendered":"Anulare"},"content":{"rendered":"<p>[vc_row full_width=&#8221;stretch_row_content_no_spaces&#8221; _et_uniqid=&#8221;et_custom_uniqid_new_6188e7790c378&#8243;][vc_column width=&#8221;1\/6&#8243;][\/vc_column][vc_column css_animation=&#8221;slideInDown&#8221; width=&#8221;2\/3&#8243; _et_uniqid=&#8221;et_custom_uniqid_new_61a0fb4c4b85e&#8221;][vc_empty_space][vc_empty_space][vc_column_text]<\/p>\n<p style=\"text-align: center;\"><span class=\"blog-title\">Plata a fost anulat\u0103<\/span><\/p>\n<h3 class=\"homepage-title-h3\">Te rug\u0103m s\u0103 revii la <a href=\"http:\/\/co-factor.com\/pricing-options\/\">pagina de plat\u0103<\/a>, pentru a face achizi\u021bia dorit\u0103.<\/h3>\n<p>[\/vc_column_text][vc_column_text]<\/p>\n<p style=\"text-align: center;\">Ne po\u021bi contacta oric\u00e2nd, dac\u0103 dore\u0219ti mai multe informa\u021bii despre pachetele noastre \u0219i op\u021biuni de plat\u0103.<\/p>\n<p>[\/vc_column_text][\/vc_column][vc_column width=&#8221;1\/6&#8243;][\/vc_column][\/vc_row][vc_row full_width=&#8221;stretch_row_content_no_spaces&#8221; full_height=&#8221;yes&#8221; _et_uniqid=&#8221;et_custom_uniqid_new_61c063fb0e31a&#8221; css=&#8221;.vc_custom_1639998467498{padding-top: 340px !important;padding-bottom: 340px !important;background-image: url(http:\/\/co-factor.com\/wp-content\/uploads\/2021\/11\/bg3.png?id=2248) !important;background-position: center !important;background-repeat: no-repeat !important;background-size: cover !important;}&#8221; el_id=&#8221;sect-blog-footer&#8221;][vc_column width=&#8221;1\/6&#8243;][\/vc_column][vc_column width=&#8221;2\/3&#8243;][vc_column_text css_animation=&#8221;slideInDown&#8221;]<\/p>\n<h3 class=\"homepage-title-h3\">Suntem dornici s\u0103 afl\u0103m provoc\u0103rile afacerii tale<br \/>\n\u0219i s\u0103 sprijinim succesul organiza\u021biei<\/h3>\n<p>[\/vc_column_text][vc_row_inner][vc_column_inner width=&#8221;1\/4&#8243; _et_uniqid=&#8221;et_custom_uniqid_new_61a0fd251bc9e&#8221;][\/vc_column_inner][vc_column_inner width=&#8221;1\/4&#8243; _et_uniqid=&#8221;et_custom_uniqid_new_61a0fd2975b38&#8243;]\r\n\t\t<div class=\"et-fancy-button button-green et-fancy-button-9641\">\r\n\r\n\t\t\t<div class=\"button-wrap inline-block\"><a href=\"http:\/\/co-factor.com\/instant-demo\/\" class=\"btn flex flex-nowrap justify-content-center align-items-center  style-custom  size-custom\" title=\"Demo\" target=\"_blank\"> <span>Demo<\/span> <\/a><\/div>\r\n\t\t<\/div>\r\n\t\r\n\t\t[\/vc_column_inner][vc_column_inner width=&#8221;1\/4&#8243; _et_uniqid=&#8221;et_custom_uniqid_new_61a0fd2d225a6&#8243;]\r\n\t\t<div class=\"et-fancy-button button-green button-green3 et-fancy-button-1181\">\r\n\r\n\t\t\t<div class=\"button-wrap inline-block\"><a href=\"http:\/\/co-factor.com\/products\/\" class=\"btn flex flex-nowrap justify-content-center align-items-center  style-custom  size-custom\" title=\"Afl\u0103 mai mult\" target=\"_blank\"> <span>Afl\u0103 mai mult<\/span> <\/a><\/div>\r\n\t\t<\/div>\r\n\t\r\n\t\t[\/vc_column_inner][vc_column_inner width=&#8221;1\/4&#8243; _et_uniqid=&#8221;et_custom_uniqid_new_61a0fd31c3e5f&#8221;][\/vc_column_inner][\/vc_row_inner][\/vc_column][vc_column width=&#8221;1\/6&#8243;][\/vc_column][\/vc_row]<\/p>\n","protected":false},"excerpt":{"rendered":"<p>[vc_row full_width=&#8221;stretch_row_content_no_spaces&#8221; _et_uniqid=&#8221;et_custom_uniqid_new_6188e7790c378&#8243;][vc_column width=&#8221;1\/6&#8243;][\/vc_column][vc_column css_animation=&#8221;slideInDown&#8221; width=&#8221;2\/3&#8243; _et_uniqid=&#8221;et_custom_uniqid_new_61a0fb4c4b85e&#8221;][vc_empty_space][vc_empty_space][vc_column_text] Plata a fost anulat\u0103 Te rug\u0103m&#8230;<\/p>\n","protected":false},"author":1,"featured_media":0,"parent":0,"menu_order":0,"comment_status":"closed","ping_status":"closed","template":"","meta":{"inline_featured_image":false},"translation":{"provider":"WPGlobus","version":"2.8.10","language":"ro","enabled_languages":["en","ro"],"languages":{"en":{"title":true,"content":true,"excerpt":false},"ro":{"title":true,"content":true,"excerpt":false}}},"_links":{"self":[{"href":"https:\/\/co-factor.com\/ro\/wp-json\/wp\/v2\/pages\/4022"}],"collection":[{"href":"https:\/\/co-factor.com\/ro\/wp-json\/wp\/v2\/pages"}],"about":[{"href":"https:\/\/co-factor.com\/ro\/wp-json\/wp\/v2\/types\/page"}],"author":[{"embeddable":true,"href":"https:\/\/co-factor.com\/ro\/wp-json\/wp\/v2\/users\/1"}],"replies":[{"embeddable":true,"href":"https:\/\/co-factor.com\/ro\/wp-json\/wp\/v2\/comments?post=4022"}],"version-history":[{"count":0,"href":"https:\/\/co-factor.com\/ro\/wp-json\/wp\/v2\/pages\/4022\/revisions"}],"wp:attachment":[{"href":"https:\/\/co-factor.com\/ro\/wp-json\/wp\/v2\/media?parent=4022"}],"curies":[{"name":"wp","href":"https:\/\/api.w.org\/{rel}","templated":true}]}}