{"id":3967,"date":"2021-12-17T11:38:15","date_gmt":"2021-12-17T11:38:15","guid":{"rendered":"http:\/\/co-factor.com\/?page_id=3967"},"modified":"2022-01-05T16:28:00","modified_gmt":"2022-01-05T16:28:00","slug":"cookie-policy","status":"publish","type":"page","link":"https:\/\/co-factor.com\/ro\/cookie-policy\/","title":{"rendered":"Politica de cookie-uri"},"content":{"rendered":"<p>[vc_row css=&#8221;.vc_custom_1641399669561{padding-bottom: 150px !important;}&#8221; _et_uniqid=&#8221;et_custom_uniqid_new_61d5c56cee1ab&#8221;][vc_column][vc_column_text]<\/p>\r\n<h1><\/h1>\r\n<h1>\u00a0<\/h1>\r\n<h1>Politica de cookie-uri<\/h1>\r\n<h1><\/h1>\r\n<p><\/p>\r\n<h2>\u00a0<\/h2>\r\n<h2>Ce este un cookie<\/h2>\r\n<p>Un \u201ecookie\u201d este un fi\u0219ier de mici dimensiuni, formate din litere \u0219i numere, care poate fi stocat pe computerul, terminalul mobil sau alte echipamente utilizate de dumneavoastr\u0103 pentru a colecta informa\u021bii standard despre logari \u0219i pentru a ne ajuta s\u0103 gestion\u0103m \u0219i s\u0103 raport\u0103m interac\u021biunea dvs. cu site-ul nostru web.<\/p>\r\n<p>C\u00e2nd vizita\u021bi site-ul nostru, putem colecta informa\u021bii de la dvs.\u00een mod automat prin intermediul cookie-urilor sau al tehnologiilor similare.<\/p>\r\n<p>&nbsp;<\/p>\r\n<h1><\/h1>\r\n<p><\/p>\r\n<h2>Ce tipuri de cookie-uri folosim \u0219i cum?<\/h2>\r\n<h1><\/h1>\r\n<p><\/p>\r\n<p>C\u00e2nd vizita\u021bi site-ul nostru web, utiliz\u0103m module cookie pentru c\u0103 ne ajuta s\u0103 gestion\u0103m interac\u021biunile dvs. cu site-ul nostru web, pentru a oferi o experien\u021b\u0103 bun\u0103 utilizatorului \u0219i pentru a putea \u00eembun\u0103t\u0103\u021bi site-ul nostru. Acele cookie-uri sunt:<\/p>\r\n<p class=\"P68B1DB1-Normal3\" style=\"margin-bottom: 22.5pt; line-height: 19.5pt; background: white;\">a) <strong>Cookie-uri strict necesare<\/strong>: folosim acest tip de cookie-uri, astfel \u00eenc\u00e2t s\u0103 va recunoa\u0219tem pe site-ul nostru \u0219i s\u0103 va re\u021binem preferin\u021bele selectate anterior. De asemenea, folosim cookie-uri strict necesare \u00een scopuri de securitate sau pentru a \u00eembun\u0103t\u0103\u021bi experien\u021ba dumneavoastr\u0103 pe site-ul nostru. F\u0103r\u0103 aceste cookie-uri, este posibil s\u0103 nu putem oferi o experien\u021b\u0103 bun\u0103 pe site-ul nostru.De\u0219i nu avem nevoie de consim\u021b\u0103m\u00e2ntul dvs. pentru a plasa cookie-uri strict necesare pute\u021bi bloca sau \u0219terge aceste module cookie \u00een set\u0103rile browserului dvs (dup\u0103 cum pute\u021bi vedea \u00een sec\u021biunea Cum se gestioneaz\u0103 cookie-urile?)<\/p>\r\n<p class=\"P68B1DB1-Normal3\" style=\"margin-bottom: 22.5pt; line-height: 19.5pt; background: white;\">b) <strong>Cookie-uri de performan\u021b\u0103<\/strong>: aceste fi\u015fiere cookie ne permit s\u0103 num\u0103r\u0103m vizitele \u0219i sursele de trafic, astfel \u00eenc\u00e2t s\u0103 putem m\u0103sura \u0219i \u00eembun\u0103t\u0103\u021bi performan\u021bele site-ului nostru. Ne ajut\u0103 s\u0103 \u0219tim ce pagini sunt mai mult sau mai pu\u021bin populare \u0219i s\u0103 vedem c\u00e2te persoane viziteaz\u0103 acest site. Toate informa\u021biile pe care le colecteaz\u0103 aceste cookie-uri sunt agregate \u0219i, prin urmare, anonime. Dac\u0103 nu permite\u0163i aceste cookie-uri, nu vom \u0219ti c\u00e2nd a\u021bi vizitat site-ul nostru \u0219i nu vom putea s\u0103-i monitoriz\u0103m performan\u021ba.<\/p>\r\n<p class=\"P68B1DB1-Normal3\" style=\"margin-bottom: 22.5pt; line-height: 19.5pt; background: white;\">c) <strong>Cookie-uri analitice<\/strong>: acestea ne permit s\u0103 vedem modele de utilizare mai degrab\u0103 dec\u00e2t o singur\u0103 utilizare. Utiliz\u0103m module cookie analitice ale serviciului Google Analytics pentru a analiza utilizarea site-ului nostru web \u0219i pentru a p\u0103stra eviden\u021ba vizitatorilor. Google Analytics ne ofer\u0103 etichete JavaScript (biblioteci) pentru a genera informa\u021bii despre utilizarea site-ului nostru. Vom plasa cookie-uri analitice numai dac\u0103 ne permite\u021bi s\u0103 facem acest lucru f\u0103c\u00e2nd clic pe butonul accept de pe bannerul cookie. Va pute\u021bi r\u0103zg\u00e2ndi \u0219i va pute\u021bi retrage consim\u021b\u0103m\u00e2ntul prin \u0219tergerea tuturor cookie-urilor din memoria cache a browser-ului \u0219i schimbarea alegerii consim\u021b\u0103m\u00e2ntului dvs. pentru cookie-uri. Cu toate acestea, dac\u0103 face\u021bi acest lucru, va vom solicita din nou consim\u021b\u0103m\u00e2ntul odat\u0103 ce vizita\u021bi site-ul nostru web din nou.<\/p>\r\n<p class=\"P68B1DB1-Normal3\" style=\"line-height: 19.5pt; background: white;\">d) <strong>Cookie-uri de direc\u021bionare<\/strong>: Aceste cookie-uri pot fi setate pe site-ul nostru de c\u0103tre partenerii no\u0219tri de publicitate. Aceste companii le pot folosi pentru a crea un profil al intereselor \u0219i pentru a v\u0103 afi\u0219a anun\u021buri relevante pe alte site-uri. Nu stocheaz\u0103 informa\u021bii personale \u00een mod direct, ci se bazeaz\u0103 pe identificarea unic\u0103 a browserului \u0219i a dispozitivului dvs. de internet. Dac\u0103 nu permite\u021bi aceste cookie-uri, ve\u021bi avea parte de o publicitate mai pu\u021bin personalizat\u0103. e) Cookie-uri Social Media: Aceste cookie-uri sunt stabilite printr-o serie de servicii specifice mass-media, pe care le-am ad\u0103ugat paginilor noastre web pentru a v\u0103 putea permite s\u0103 partaja\u021bi con\u0163inutul nostru cu prietenii \u0219i \u00een cadrul re\u021belelor dvs. Aceste cookie-uri pot urm\u0103ri browser-ul dvs. pe alte site-uri \u0219i pot construi astfel un profil cu interesele vizitatorilor. Acest lucru poate afecta con\u021binutul \u0219i mesajele pe care le vede\u021bi pe alte site-uri pe care le vizita\u021bi. Dac\u0103 nu ve\u021bi permite stocarea acestor cookie-uri, nu ve\u021bi putea utiliza sau vedea instrumentele puse la dispozi\u0163ia dvs. de partajare a con\u0163inutului.<\/p>\r\n<p>&nbsp;<\/p>\r\n<h1><\/h1>\r\n<p><\/p>\r\n<h2>Cum se gestioneaz\u0103 cookie-urile?<\/h2>\r\n<h1><\/h1>\r\n<p><\/p>\r\n<p>Pute\u021bi seta browserul s\u0103 nu accepte cookie-uri. Pute\u021bi g\u0103si informa\u021bii despre cum s\u0103 elimina\u021bi sau s\u0103 gestiona\u021bi cookie-uri din browser-ul dvs. acces\u00e2nd link-urile de mai jos (\u00een func\u021bie de browserul pe care \u00eel ave\u021bi):<\/p>\r\n<ul>\r\n<li>\u00a0 \u00a0\u00a0<a href=\"https:\/\/support.microsoft.com\/en-us\/help\/17442\/windows-internet-explorer-delete-manage-cookies\">Cookie settings in Internet Explorer<\/a><\/li>\r\n<li>\u00a0 \u00a0\u00a0<a href=\"https:\/\/support.mozilla.org\/en-US\/kb\/enable-and-disable-cookies-website-preferences\">Cookie settings in Firefox<\/a><\/li>\r\n<li>\u00a0 \u00a0\u00a0<a href=\"https:\/\/support.google.com\/chrome\/answer\/95647?hl=en\">Cookie settings in Chrome<\/a><\/li>\r\n<li>\u00a0 \u00a0\u00a0<a href=\"https:\/\/support.apple.com\/guide\/safari\/manage-cookies-and-website-data-sfri11471\/mac\">Cookie settings in Safari<\/a><\/li>\r\n<\/ul>\r\n<p>Pentru a afla mai multe informa\u021bii despre cookie-uri, inclusiv cum s\u0103 vede\u021bi ce cookie-uri au fost setate \u0219i cum s\u0103 gestiona\u021bi \u0219i s\u0103 \u0219terge\u021bi astfel de cookie-uri, vizita\u021bi:<\/p>\r\n<p><a href=\"http:\/\/www.aboutcookies.org\/\">www.aboutcookies.org<\/a>\u00a0sau<a href=\"http:\/\/www.allaboutcookies.org\/\">\u00a0www.allaboutcookies.org<\/a><\/p>\r\n<p>&nbsp;<\/p>\r\n<h1><\/h1>\r\n<p>[\/vc_column_text][\/vc_column][\/vc_row]<\/p>","protected":false},"excerpt":{"rendered":"<p>[vc_row css=&#8221;.vc_custom_1641399669561{padding-bottom: 150px !important;}&#8221; _et_uniqid=&#8221;et_custom_uniqid_new_61d5c56cee1ab&#8221;][vc_column][vc_column_text] \u00a0 Politica de cookie-uri \u00a0 Ce este un&#8230;<\/p>\n","protected":false},"author":2,"featured_media":0,"parent":0,"menu_order":0,"comment_status":"closed","ping_status":"closed","template":"","meta":{"inline_featured_image":false},"translation":{"provider":"WPGlobus","version":"2.8.10","language":"ro","enabled_languages":["en","ro"],"languages":{"en":{"title":true,"content":true,"excerpt":false},"ro":{"title":true,"content":true,"excerpt":false}}},"_links":{"self":[{"href":"https:\/\/co-factor.com\/ro\/wp-json\/wp\/v2\/pages\/3967"}],"collection":[{"href":"https:\/\/co-factor.com\/ro\/wp-json\/wp\/v2\/pages"}],"about":[{"href":"https:\/\/co-factor.com\/ro\/wp-json\/wp\/v2\/types\/page"}],"author":[{"embeddable":true,"href":"https:\/\/co-factor.com\/ro\/wp-json\/wp\/v2\/users\/2"}],"replies":[{"embeddable":true,"href":"https:\/\/co-factor.com\/ro\/wp-json\/wp\/v2\/comments?post=3967"}],"version-history":[{"count":0,"href":"https:\/\/co-factor.com\/ro\/wp-json\/wp\/v2\/pages\/3967\/revisions"}],"wp:attachment":[{"href":"https:\/\/co-factor.com\/ro\/wp-json\/wp\/v2\/media?parent=3967"}],"curies":[{"name":"wp","href":"https:\/\/api.w.org\/{rel}","templated":true}]}}