{"id":3922,"date":"2021-12-16T10:36:20","date_gmt":"2021-12-16T10:36:20","guid":{"rendered":"http:\/\/co-factor.com\/?page_id=3922"},"modified":"2021-12-20T13:47:00","modified_gmt":"2021-12-20T13:47:00","slug":"terms-and-conditions","status":"publish","type":"page","link":"https:\/\/co-factor.com\/ro\/terms-and-conditions\/","title":{"rendered":"Termeni si conditii de utilizare"},"content":{"rendered":"<p>[vc_row][vc_column css=&#8221;.vc_custom_1639749542554{margin-top: 50px !important;margin-bottom: 200px !important;}&#8221; _et_uniqid=&#8221;et_custom_uniqid_new_61bc97a43fdf7&#8243; el_class=&#8221;text-terms-policy&#8221;][vc_column_text]<\/p>\r\n<h1>\u00a0<\/h1>\r\n<h1>Termeni si condi\u021bii de utilizare<\/h1>\r\n\r\n<p>Prin accesarea site-ului, sunte\u021bi de acord cu termenii \u0219i condi\u021biile de utilizare.<\/p>\r\n<p>&nbsp;<\/p>\r\n\r\n<p>&nbsp;<\/p>\r\n\r\n<h2>Utilizarea con\u021binutului<\/h2>\r\n\r\n<p>\u00cen cazul \u00een care con\u021binutul pe care \u00eel vizualiza\u021bi nu con\u021bine o anumit\u0103 specifica\u021bie, \u0219i respecta\u021bi \u00een totalitate obliga\u021biile care va revin \u00een temeiul Termenilor \u0219i Condi\u021biilor de Utilizare, pute\u021bi vizualiza, copia, tip\u0103ri \u0219i distribui (f\u0103r\u0103 a modifica) con\u021binutul Site-ului; doar dac\u0103 (i) utilizarea con\u021binutului are scop informativ, necomercial, \u0219i (ii) orice copie a con\u021binutului include paragraful &#8222;Drepturi de Autor&#8221; sau surs\u0103 inclus\u0103 \u00een materialul original. Nu ave\u021bi dreptul s\u0103 copia\u021bi sau s\u0103 utiliza\u021bi programele software, know-how- ul, procesele sau tehnologiile incluse sau descrise \u00een acest site.<\/p>\r\n<p>&nbsp;<\/p>\r\n\r\n<p>&nbsp;<\/p>\r\n\r\n<h2>Drepturi de proprietate intelectual\u0103; Interzicerea utiliz\u0103rii denumirilor sau logo-urilor Co-Factor<\/h2>\r\n\r\n<p>Site-ul \u0219i con\u021binutul site-ului sunt protejate de drepturile de autor, de reglement\u0103rile privind m\u0103rcile \u00eenregistrate \u0219i legisla\u021bia \u00een vigoare din Rom\u00e2nia. Pute\u021bi utiliza termenii, m\u0103rcile sau logo-ul Co-Factor \u00een comunicate de pres\u0103, advertoriale, reclame sau alte materiale promo\u021bionale sau de marketing sau media, \u00een format tip\u0103rit, verbal, electronic, vizual sau orice alt format doar dac\u0103 ave\u021bi acordul scris din partea Co-Factor Performance Management srl sau a reprezentan\u021bilor acestuia. Pentru a solicita acordul scris, va rug\u0103m accesa\u021bi pagin\u0103 \u201cContact\u201d din cadrul Site- ului. Trimiterile din cadrul site-ului la m\u0103rcile \u00eenregistrate apar\u021bin\u00e2nd ter\u021bilor sunt f\u0103cute doar cu scopul de a identifica sursa \u0219i nu reprezint\u0103 acordul ter\u021bilor cu privire la informa\u021biile publicate pe site. Ace\u0219ti Termeni \u0219i Condi\u021bii de Utilizare nu va acord\u0103 dreptul de utilizare a m\u0103rcilor \u00eenregistrate apar\u021bin\u00e2nd ter\u021bilor.<\/p>\r\n<p>&nbsp;<\/p>\r\n\r\n<p>&nbsp;<\/p>\r\n\r\n<h2>Exonerarea de r\u0103spundere \u0219i limitarea r\u0103spunderii<\/h2>\r\n\r\n<p>Acest site \u0219i informa\u021biile con\u021binute \u00een acest site au drept scop furnizarea de informa\u021bii generale asupra anumitor subiecte \u0219i nu reprezint\u0103 o analiz\u0103 detaliat\u0103 a respectivelor subiecte. Prin urmare, nu se inten\u021bioneaz\u0103 ca informa\u021biile prezentate pe site s\u0103 constituie servicii sau consultan\u021b\u0103 de management sau resurse umane sau alt tip de consultan\u021b\u0103 sau servicii profesionale. \u00cenainte de a lua orice decizie sau de a ac\u021biona \u00eentr-un mod care ar putea avea impact asupra afacerilor dumneavoastr\u0103, ar trebui s\u0103 cere\u021bi opinia unui consultant calificat. Anumite linkuri din acest site duc c\u0103tre site-uri, resurse sau instrumente apar\u021bin\u00e2nd ter\u021bilor asupra c\u0103rora nu avem niciun control.<\/p>\r\n<p>&nbsp;<\/p>\r\n\r\n<p>&nbsp;<\/p>\r\n\r\n<h2>Termeni suplimentari<\/h2>\r\n\r\n<p>Ne rezerv\u0103m dreptul de a modifica ace\u0219ti Termeni de Utilizare oric\u00e2nd \u0219i din orice motiv, f\u0103r\u0103 notificare prealabil\u0103. Versiunea revizuit\u0103 intr\u0103 \u00een vigoare la data public\u0103rii pe site.<\/p>\r\n<p>Responsabilitatea de a verifica periodic aceast\u0103 pagin\u0103 pentru fi la curent cu cea mai recent\u0103 versiune a Termenilor de Utilizare v\u0103 revine \u00een totalitate. Continuarea acces\u0103rii Site-ului chiar \u0219i dup\u0103 modificarea Termenilor de Utilizare constituie acordul dumneavoastr\u0103 fa\u021b\u0103 de versiunea revizuit\u0103 a Termenilor de Utilizare.<\/p>\r\n<p>&nbsp;<\/p>\r\n\r\n<p>&nbsp;<\/p>\r\n\r\n<p>[\/vc_column_text][\/vc_column][\/vc_row]<\/p>","protected":false},"excerpt":{"rendered":"<p>[vc_row][vc_column css=&#8221;.vc_custom_1639749542554{margin-top: 50px !important;margin-bottom: 200px !important;}&#8221; _et_uniqid=&#8221;et_custom_uniqid_new_61bc97a43fdf7&#8243; el_class=&#8221;text-terms-policy&#8221;][vc_column_text] \u00a0 Termeni si condi\u021bii de&#8230;<\/p>\n","protected":false},"author":2,"featured_media":0,"parent":0,"menu_order":0,"comment_status":"closed","ping_status":"closed","template":"","meta":{"inline_featured_image":false},"translation":{"provider":"WPGlobus","version":"2.8.10","language":"ro","enabled_languages":["en","ro"],"languages":{"en":{"title":true,"content":true,"excerpt":false},"ro":{"title":true,"content":true,"excerpt":false}}},"_links":{"self":[{"href":"https:\/\/co-factor.com\/ro\/wp-json\/wp\/v2\/pages\/3922"}],"collection":[{"href":"https:\/\/co-factor.com\/ro\/wp-json\/wp\/v2\/pages"}],"about":[{"href":"https:\/\/co-factor.com\/ro\/wp-json\/wp\/v2\/types\/page"}],"author":[{"embeddable":true,"href":"https:\/\/co-factor.com\/ro\/wp-json\/wp\/v2\/users\/2"}],"replies":[{"embeddable":true,"href":"https:\/\/co-factor.com\/ro\/wp-json\/wp\/v2\/comments?post=3922"}],"version-history":[{"count":0,"href":"https:\/\/co-factor.com\/ro\/wp-json\/wp\/v2\/pages\/3922\/revisions"}],"wp:attachment":[{"href":"https:\/\/co-factor.com\/ro\/wp-json\/wp\/v2\/media?parent=3922"}],"curies":[{"name":"wp","href":"https:\/\/api.w.org\/{rel}","templated":true}]}}