{"id":3916,"date":"2021-12-16T10:24:54","date_gmt":"2021-12-16T10:24:54","guid":{"rendered":"http:\/\/co-factor.com\/?page_id=3916"},"modified":"2021-12-20T13:44:19","modified_gmt":"2021-12-20T13:44:19","slug":"privacy-policy","status":"publish","type":"page","link":"https:\/\/co-factor.com\/ro\/privacy-policy\/","title":{"rendered":"Politica de Confiden\u021bialitate"},"content":{"rendered":"<p>[vc_row][vc_column css=&#8221;.vc_custom_1639750232604{margin-top: 50px !important;margin-bottom: 200px !important;}&#8221; _et_uniqid=&#8221;et_custom_uniqid_new_61bc9a482cfac&#8221;][vc_column_text]<\/p>\r\n<h1>\u00a0<\/h1>\r\n<h1>Politica de confiden\u021bialitate<\/h1>\r\n\r\n<p>Co-Factor Performance Management (denumit \u00een continuare \u201cCo-Factor\u201d sau \u201cNoi\u201d) opereaz\u0103 www.co-factor.ro (denumit \u00een continuare \u201cSite\u201d).<\/p>\r\n<p>Lu\u0103m \u00een serios responsabilitatea noastr\u0103 privind protec\u021bia datelor \u0219i confiden\u021bialitatea acestora. V\u0103 rug\u0103m s\u0103 citi\u021bi cu aten\u021bie cele ce urmeaz\u0103 pentru a \u00een\u021belege politicile \u0219i practicile noastre cu privire la informa\u021biile dumneavoastr\u0103 cu caracter personal \u0219i modul \u00een care le vom trata.<\/p>\r\n<p>Aceast\u0103 pagin\u0103 v\u0103 informeaz\u0103 despre politica noastr\u0103 referitoare la colectarea, utilizarea \u0219i divulgarea informa\u021biilor cu caracter personal pe care le colect\u0103m de la utilizatorii Site-ului, incluz\u00e2nd:<\/p>\r\n<p>&#8211; Categoriile de date personale pe care le colect\u0103m, c\u00e2nd \u0219i cum folosim aceste informa\u021bii personale<\/p>\r\n<p>&#8211; Detalii despre transmiterea informa\u021biilor personale furnizorilor no\u0219tri de servicii<\/p>\r\n<p>&#8211; Protec\u021bia \u0219i stocarea informa\u021biilor personale<\/p>\r\n<p>&#8211; Drepturi legale disponibile pentru a v\u0103 gestiona confiden\u021bialitatea<\/p>\r\n<p>&#8211; Cum ne pute\u021bi contacta pentru asisten\u021b\u0103 legat\u0103 de datele personale \u0219i prezen\u021ba politic\u0103 de confiden\u021bialitate<\/p>\r\n<p>Prin accesarea \u0219i utilizarea acestui Site, sunte\u021bi de acord cu prelucrarea informa\u021biilor \u00een conformitate cu aceast\u0103 politic\u0103. Ne rezerv\u0103m dreptul de a actualiza sau de a schimba politica noastr\u0103 de confiden\u021bialitate \u00een orice moment pentru a o men\u021bine actualizat\u0103 cu cerin\u021bele legale \u0219i cu modul \u00een care ne desf\u0103\u0219ur\u0103m activitatea. Este recomandat s\u0103 verifica\u021bi aceast\u0103 pagin\u0103 periodic.<\/p>\r\n<p>&nbsp;<\/p>\r\n\r\n<p>&nbsp;<\/p>\r\n\r\n<h2>Colectarea informatiilor<\/h2>\r\n\r\n<p>La utilizarea site-ului, colect\u0103m date personale furnizate \u00een mod explicit \u0219i voluntar atunci c\u00e2nd un vizitator:<\/p>\r\n<p>&#8211; Solicit\u0103 un demo<\/p>\r\n<p>&#8211; Ne contacteaz\u0103 utiliz\u00e2nd formularul de contact<\/p>\r\n<p>&#8211; Se aboneaz\u0103 la newsletter<\/p>\r\n<p>&#8211; Descarc\u0103 materiale \u0219i studii de caz<\/p>\r\n<p>Aceste informa\u021bii pot include, dar nu se limiteaz\u0103 la: nume, func\u021bie, companie, num\u0103r de telefon \u0219i adresa de e-mail. Alte informa\u021bii care pot constitui, de asemenea, informa\u021bii cu caracter personal (precum tipul de browser, adresa IP, numele domeniului, datele pe care le-a\u021bi vizitat pe Site-ul nostru, sistemul de operare) pot fi colectate prin intermediul cookie-urilor. Pentru a ne asigura c\u0103 acest site este bine gestionat \u0219i pentru a facilita o navigare eficient\u0103, noi, sau furnizorii no\u0219tri de servicii, putem folosi de asemenea cookie-uri pentru a colecta date agregate.<\/p>\r\n<p>&nbsp;<\/p>\r\n\r\n<p>&nbsp;<\/p>\r\n\r\n<h2>Utilizarea informatiilor<\/h2>\r\n\r\n<p>Vom folosi datele colectate conform descrierii de mai jos:<\/p>\r\n<p>&#8211; Pentru a aduce \u00eembun\u0103t\u0103\u021biri con\u021binutului acestui site \u0219i serviciilor noastre, bazat pe interesul nostru legitim ca organiza\u021bie comercial\u0103 de a \u00eembun\u0103t\u0103\u021bi site-urile noastre web<\/p>\r\n<p>&#8211; Pentru a r\u0103spunde cererilor dvs., (solicit\u0103ri demo, cereri de suport, cereri de v\u00e2nzare) av\u00e2nd la baz\u0103 interesul legitim al organiza\u021biei comerciale de a r\u0103spunde solicit\u0103rilor clien\u021bilor<\/p>\r\n<p>&#8211; \u00cen scopuri de marketing sau pentru a v\u0103 trimite materiale promo\u021bionale sau comunic\u0103ri despre serviciile oferite de c\u0103tre Co-Factor pe care le consider\u0103m a fi de interes pentru dvs., pe baza consim\u021b\u0103m\u00e2ntului dvs. sau a interesului nostru legitim ca \u0219i organiza\u021bie comercial\u0103 de promovare a serviciilor noastre<\/p>\r\n<p>Pute\u021bi solicita \u00een orice moment s\u0103 nu mai primi\u021bi e-mailuri sau alte comunic\u0103ri generate ca urmare a \u00eenregistr\u0103rii dvs. pe acest site.<\/p>\r\n<p>&nbsp;<\/p>\r\n\r\n<p>&nbsp;<\/p>\r\n\r\n<h2>Divulgarea de informa\u021bii c\u0103tre ter\u021bi<\/h2>\r\n\r\n<p>Putem partaja informa\u021biile dvs. \u00een scopurile \u0219i \u00een modul descris mai jos:<\/p>\r\n<p>&#8211; C\u0103tre autorit\u0103\u021bile, organele judiciare \u0219i institu\u021biile competente pentru demersuri prev\u0103zute de lege sau pentru a respecta o hot\u0103r\u00e2re judec\u0103toreasc\u0103 sau alt\u0103 obliga\u021bie juridic\u0103;<\/p>\r\n<p>&#8211; Cu ter\u021be p\u0103r\u021bi care ne ofer\u0103 servicii de marketing, servicii de IT sau ne ajut\u0103 s\u0103 ne gestion\u0103m afacerea. Aceste ter\u021be p\u0103r\u021bi respect\u0103 GDPR \u0219i au fost de acord cu m\u0103surile de confiden\u021bialitate \u0219i protec\u021bia datelor. Ei folosesc orice informa\u021bii personale pe care le \u00eemp\u0103rt\u0103\u0219im cu ei, sau pe care le colecteaz\u0103 \u00een numele nostru, numai \u00een scopul de a ne furniza serviciile contractate.<\/p>\r\n<p>Prin furnizarea de informa\u021bii \u00een cadrul acestui site, sunte\u021bi de acord cu divulgarea lor, a\u0219a cum s-a subliniat mai sus.<\/p>\r\n<p>&nbsp;<\/p>\r\n\r\n<p>&nbsp;<\/p>\r\n\r\n<h2>Bloguri, forumuri, wiki \u0219i alte site-uri de social media<\/h2>\r\n\r\n<p>Acest site poate g\u0103zdui diverse bloguri, forumuri, wiki \u0219i alte aplica\u021bii sau servicii de social media care va permit s\u0103 partaja\u021bi con\u021binut cu al\u021bi utilizatori (denumite generic Social Media.<\/p>\r\n<p>Informa\u021biile personale sau informa\u021biile pe care le furniza\u021bi pentru aplica\u021biile Social Media pot fi citite, colectate \u0219i folosite de c\u0103tre al\u021bi utilizatori ai acelei aplica\u021bii de social media asupra c\u0103rora avem un control limitat sau nu avem control deloc. Prin urmare, nu suntem responsabili pentru abuz sau \u00eensu\u0219irea gre\u0219it\u0103 de c\u0103tre al\u021bi utilizatori a informa\u021biilor personale sau a altor informa\u021bii pe care le furniza\u021bi pentru aplica\u021biile Social Media.<\/p>\r\n<p>&nbsp;<\/p>\r\n\r\n<p>&nbsp;<\/p>\r\n\r\n<h2>Drepturi legale<\/h2>\r\n\r\n<p>Datele dvs. personale sunt prelucrate de c\u0103tre Co-Factor Performance Management SRL, ce ac\u021bioneaz\u0103 \u00een calitate de operator al datelor dvs. Ave\u021bi anumite drepturi \u00een leg\u0103tur\u0103 cu informa\u021biile dvs. personale, conform descrierii de mai jos:<\/p>\r\n<p>&#8211; Dreptul de a accesa informa\u021biile personale &#8211; Ave\u021bi dreptul de a solicita s\u0103 va furniz\u0103m o copie a informa\u021biilor personale pe care le de\u021binem despre dvs.<\/p>\r\n<p>&#8211; Dreptul de a rectifica informa\u021biile personale &#8211; Ave\u021bi dreptul de a solicita corectarea informa\u021biilor pe care le considera\u021bi neconforme cu realitatea. De asemenea, ave\u021bi dreptul de a ne solicita s\u0103 complet\u0103m informa\u021biile pe care le considera\u021bi incomplete.<\/p>\r\n<p>&#8211; Dreptul de \u0219tergere a informa\u021biilor personale &#8211; Ave\u021bi dreptul de a solicita \u0219tergerea datelor dvs. personale, \u00een anumite condi\u021bii.<\/p>\r\n<p>&#8211; Dreptul de a restric\u021biona prelucrarea informa\u021biilor dvs. personale &#8211; Ave\u021bi dreptul de a solicita restric\u021bionarea prelucr\u0103rii datelor dvs. personale, \u00een anumite condi\u021bii.<\/p>\r\n<p>&#8211; Dreptul de a solicit\u0103 transferul informa\u021biilor dvs. personale &#8211; Ave\u021bi dreptul de a solicit\u0103 transferul datelor dvs. personale pe care le-am colectat c\u0103tre alt\u0103 organiza\u021bie sau direct c\u0103tre dvs., \u00een anumite condi\u021bii.<\/p>\r\n<p>&#8211; Dreptul de a v\u0103 opune prelucr\u0103rii informa\u021biilor cu caracter personal &#8211; Pute\u021bi obiecta la orice prelucrare a informa\u021biilor dvs. personale care are interesele noastre legitime ca temei juridic, dac\u0103 crede\u021bi c\u0103 drepturile \u0219i libert\u0103\u021bile dvs. fundamentale dep\u0103\u0219esc interesele noastre legitime.<\/p>\r\n<p>V\u0103 putem solicita informa\u021bii suplimentare pentru a va confirma identitatea \u0219i \u00een scopuri de securitate, \u00eenainte de a va divulga informa\u021biile personale solicitate. Ne rezerv\u0103m dreptul de a percepe o taxa \u00een cazul \u00een care acest lucru este permis de lege de exemplu, \u00een cazul \u00een care cererea dvs. este nefondat\u0103 sau excesiv\u0103. Va pute\u021bi exercita drepturile contactandu-ne prin formularul de contact de pe site sau la adresa de e-mail\u00a0contact@co-factor.ro\u00a0. Sub rezerva considera\u021biilor legale \u0219i a altor considera\u021bii permise, vom face toate eforturile rezonabile pentru a onora cererea dumneavoastr\u0103 cu promptitudine, sau va vom anun\u021ba dac\u0103 avem nevoie de informa\u021bii suplimentare pentru a va \u00eendeplini solicitarea.<\/p>\r\n<p>&nbsp;<\/p>\r\n\r\n<p>&nbsp;<\/p>\r\n\r\n<h2>Securitatea informa\u021biilor<\/h2>\r\n\r\n<p>Am implementat standarde de securitate comerciale \u0219i opera\u021bionale pentru a proteja toate informa\u021biile furnizate de vizitatori prin intermediul acestui site \u00eempotriva accesului neautorizat, divulgare, alterare sau distrugere.<\/p>\r\n<p>&nbsp;<\/p>\r\n\r\n<p>&nbsp;<\/p>\r\n\r\n<h2>Notificare privind confiden\u021bialitatea<\/h2>\r\n\r\n<p>Co-Factor Performance Management SRL prelucreaz\u0103 date cu caracter personal, \u00een conformitate cu Regulamentul general privind protec\u021bia datelor \u0219i \u00een condi\u021bii care s\u0103 asigure securitatea, confiden\u021bialitatea \u0219i respectarea drepturilor persoanelor vizate.<\/p>\r\n<p>&nbsp;<\/p>\r\n\r\n<p>&nbsp;<\/p>\r\n\r\n<h2>Politicile de confiden\u021bialitate ale altor site-uri web<\/h2>\r\n\r\n<p>Site-ul con\u021bine linkuri c\u0103tre alte site-uri web. Politica noastr\u0103 de confiden\u021bialitate se aplic\u0103 numai site-ului nostru, deci, dac\u0103 accesa\u021bi un link c\u0103tre un alt site web, v\u0103 rug\u0103m s\u0103 citi\u021bi politica lor de confiden\u021bialitate.<\/p>\r\n<p>&nbsp;<\/p>\r\n<h2>Modific\u0103ri ale politicii noastre de confiden\u021bialitate<\/h2>\r\n\r\n<p>&nbsp;<\/p>\r\n\r\n<p>Ne rezerv\u0103m dreptul de a modifica sau revizui aceast\u0103 politic\u0103 de confiden\u021bialitate \u00een orice moment \u0219i din orice motiv \u0219i f\u0103r\u0103 notificare prealabil\u0103. Actualiz\u0103rile politicii noastre de confiden\u021bialitate vor fi disponibile pe aceast\u0103 pagin\u0103.<\/p>\r\n<p>Aceast\u0103 politic\u0103 de confiden\u021bialitate a fost actualizat\u0103 ultima dat\u0103 la data de: 1 Iulie 2021<\/p>\r\n<p>&nbsp;<\/p>\r\n<h2>Contacta\u021bi-ne<\/h2>\r\n\r\n<p>&nbsp;<\/p>\r\n\r\n<p>Co-Factor SRL este o entitate juridic\u0103 privat\u0103 din Rom\u00e2nia av\u00e2nd sediu social \u00een Balote\u0219ti, Str. Ficusului nr. 1C19, jude\u021b Ilfov.<\/p>\r\n<p>Dac\u0103 ave\u021bi \u00eentreb\u0103ri cu privire la politica noastr\u0103 de confiden\u021bialitate, datele pe care le de\u021binem asupra dvs. sau dori\u021bi s\u0103 v\u0103 exercita\u021bi unul dintre drepturile dvs. de protec\u021bie a datelor, va rug\u0103m s\u0103 ne contacta\u021bi.<\/p>\r\n<p>Ne pute\u021bi contacta la:\u00a0contact@co-factor.ro<\/p>\r\n<p>[\/vc_column_text][\/vc_column][\/vc_row]<\/p>","protected":false},"excerpt":{"rendered":"<p>[vc_row][vc_column css=&#8221;.vc_custom_1639750232604{margin-top: 50px !important;margin-bottom: 200px !important;}&#8221; _et_uniqid=&#8221;et_custom_uniqid_new_61bc9a482cfac&#8221;][vc_column_text] \u00a0 Politica de confiden\u021bialitate Co-Factor Performance&#8230;<\/p>\n","protected":false},"author":2,"featured_media":0,"parent":0,"menu_order":0,"comment_status":"closed","ping_status":"closed","template":"","meta":{"inline_featured_image":false},"translation":{"provider":"WPGlobus","version":"2.8.10","language":"ro","enabled_languages":["en","ro"],"languages":{"en":{"title":true,"content":true,"excerpt":false},"ro":{"title":true,"content":true,"excerpt":false}}},"_links":{"self":[{"href":"https:\/\/co-factor.com\/ro\/wp-json\/wp\/v2\/pages\/3916"}],"collection":[{"href":"https:\/\/co-factor.com\/ro\/wp-json\/wp\/v2\/pages"}],"about":[{"href":"https:\/\/co-factor.com\/ro\/wp-json\/wp\/v2\/types\/page"}],"author":[{"embeddable":true,"href":"https:\/\/co-factor.com\/ro\/wp-json\/wp\/v2\/users\/2"}],"replies":[{"embeddable":true,"href":"https:\/\/co-factor.com\/ro\/wp-json\/wp\/v2\/comments?post=3916"}],"version-history":[{"count":0,"href":"https:\/\/co-factor.com\/ro\/wp-json\/wp\/v2\/pages\/3916\/revisions"}],"wp:attachment":[{"href":"https:\/\/co-factor.com\/ro\/wp-json\/wp\/v2\/media?parent=3916"}],"curies":[{"name":"wp","href":"https:\/\/api.w.org\/{rel}","templated":true}]}}