{"id":2460,"date":"2021-11-08T08:33:07","date_gmt":"2021-11-08T08:33:07","guid":{"rendered":"http:\/\/co-factor.com\/?page_id=2460"},"modified":"2022-01-14T09:17:21","modified_gmt":"2022-01-14T09:17:21","slug":"blog","status":"publish","type":"page","link":"https:\/\/co-factor.com\/ro\/blog\/","title":{"rendered":"Blog"},"content":{"rendered":"<p>[vc_row full_width=&#8221;stretch_row_content_no_spaces&#8221; _et_uniqid=&#8221;et_custom_uniqid_new_6188e7790c378&#8243;][vc_column width=&#8221;1\/6&#8243;][\/vc_column][vc_column css_animation=&#8221;slideInDown&#8221; width=&#8221;2\/3&#8243; _et_uniqid=&#8221;et_custom_uniqid_new_61a0fb4c4b85e&#8221;][vc_column_text css_animation=&#8221;slideInDown&#8221;]<span class=\"blog-title\">Blog<\/span><\/p>\n<p><span class=\"blog-subtitle\">Perspective \u0219i Insight-uri<\/span>[\/vc_column_text][\/vc_column][vc_column width=&#8221;1\/6&#8243;][\/vc_column][\/vc_row][vc_row full_width=&#8221;stretch_row_content_no_spaces&#8221; full_height=&#8221;yes&#8221; content_placement=&#8221;middle&#8221; css_animation=&#8221;zoomIn&#8221; background_position=&#8221;center&#8221; _et_uniqid=&#8221;et_custom_uniqid_new_6188f818e7b1d&#8221; css=&#8221;.vc_custom_1636366435986{background-image: url(http:\/\/co-factor.com\/wp-content\/uploads\/2021\/11\/bg2_alternativ.png?id=2295) !important;background-position: 0 0 !important;background-repeat: no-repeat !important;}&#8221;][vc_column width=&#8221;1\/6&#8243;][\/vc_column][vc_column css_animation=&#8221;fadeIn&#8221; width=&#8221;2\/3&#8243; _et_uniqid=&#8221;et_custom_uniqid_new_6188f518bcf8e&#8221;]<div id=\"mpc_grid_posts_6969e72ba4964e5\" class=\"mpc-grid-posts mpc-init mpc-init mpc-transition mpc-overlay--slide-up mpc-item--fade mpc-layout--style_3 blog-posts blog-posts\"  data-grid-cols=\"2\"><div class=\"mpc-grid-sizer\"><\/div><div onclick=\"\" class=\"mpc-post\"><div class=\"mpc-post__wrapper\"><div class=\"mpc-post__thumbnail\" data-mpc_src=\"https:\/\/co-factor.com\/wp-content\/uploads\/2026\/04\/1772005776731-1024x1024.jpg\" data-mpc_link=\"https:\/\/co-factor.com\/ro\/adevarata-valoare-a-a-i-in-hr\/\"><div class=\"mpc-post__overlay mpc-transition\"><div class=\"mpc-post--vertical-wrap\"><div class=\"mpc-post--vertical\" data-mpc_link=\"https:\/\/co-factor.com\/ro\/adevarata-valoare-a-a-i-in-hr\/\"><\/div><\/div><\/div><\/div><div class=\"mpc-post__content mpc-transition\"><div class=\"mpc-wrapper\"><h3 class=\"mpc-post__heading mpc-transition mpc-typography--preset_1 mpc-text-overflow\"><a href=\"https:\/\/co-factor.com\/ro\/adevarata-valoare-a-a-i-in-hr\/\" title=\"Adev\u0103rata valoare a AI \u00een HR\">Adev\u0103rata valoare a AI \u00een HR<\/a><\/h3><\/div><div class=\"mpc-post__description mpc-typography--mpc_preset_1\">Implicarea angaja\u021bilor r\u0103m\u00e2ne o provocare pentru c\u0103 este din ce \u00een ce mai greu de construit. Datele recente...<\/div><a href=\"https:\/\/co-factor.com\/ro\/adevarata-valoare-a-a-i-in-hr\/\" title=\"Adev\u0103rata valoare a AI \u00een HR\"  class=\"mpc-button mpc-init mpc-transition mpc-typography--preset_1 mpc-display--block \" ><div class=\"mpc-button__content mpc-effect-type--none mpc-effect-side--none\"><span class=\"mpc-button__title mpc-transition\">Cite\u0219te tot<\/span><\/div><div class=\"mpc-button__background mpc-transition mpc-effect-type--slide mpc-effect-side--top\"><\/div><\/a><\/div><\/div><\/div><div onclick=\"\" class=\"mpc-post\"><div class=\"mpc-post__wrapper\"><div class=\"mpc-post__thumbnail\" data-mpc_src=\"https:\/\/co-factor.com\/wp-content\/uploads\/2026\/04\/20943593-1-1024x683.jpg\" data-mpc_link=\"https:\/\/co-factor.com\/ro\/evaluarea-trimestriala\/\"><div class=\"mpc-post__overlay mpc-transition\"><div class=\"mpc-post--vertical-wrap\"><div class=\"mpc-post--vertical\" data-mpc_link=\"https:\/\/co-factor.com\/ro\/evaluarea-trimestriala\/\"><\/div><\/div><\/div><\/div><div class=\"mpc-post__content mpc-transition\"><div class=\"mpc-wrapper\"><h3 class=\"mpc-post__heading mpc-transition mpc-typography--preset_1 mpc-text-overflow\"><a href=\"https:\/\/co-factor.com\/ro\/evaluarea-trimestriala\/\" title=\"Evaluarea trimestrial\u0103 &#8211; un nou ritm pentru performan\u021b\u0103\">Evaluarea trimestrial\u0103 &#8211; un nou ritm pentru performan\u021b\u0103<\/a><\/h3><\/div><div class=\"mpc-post__description mpc-typography--mpc_preset_1\">Evalu\u0103rile trimestriale func\u021bioneaz\u0103 ca \u201efotografii de progres\u201d, ce permit ajust\u0103ri rapide \u0219i men\u021bin echipele conectate la obiective. Avantajele...<\/div><a href=\"https:\/\/co-factor.com\/ro\/evaluarea-trimestriala\/\" title=\"Evaluarea trimestrial\u0103 &#8211; un nou ritm pentru performan\u021b\u0103\"  class=\"mpc-button mpc-init mpc-transition mpc-typography--preset_1 mpc-display--block \" ><div class=\"mpc-button__content mpc-effect-type--none mpc-effect-side--none\"><span class=\"mpc-button__title mpc-transition\">Cite\u0219te tot<\/span><\/div><div class=\"mpc-button__background mpc-transition mpc-effect-type--slide mpc-effect-side--top\"><\/div><\/a><\/div><\/div><\/div><div onclick=\"\" class=\"mpc-post\"><div class=\"mpc-post__wrapper\"><div class=\"mpc-post__thumbnail\" data-mpc_src=\"https:\/\/co-factor.com\/wp-content\/uploads\/2026\/03\/Screen-Shot-2026-03-17-at-9.55.54-AM-1-1024x663.png\" data-mpc_link=\"https:\/\/co-factor.com\/ro\/transparenta-salariala\/\"><div class=\"mpc-post__overlay mpc-transition\"><div class=\"mpc-post--vertical-wrap\"><div class=\"mpc-post--vertical\" data-mpc_link=\"https:\/\/co-factor.com\/ro\/transparenta-salariala\/\"><\/div><\/div><\/div><\/div><div class=\"mpc-post__content mpc-transition\"><div class=\"mpc-wrapper\"><h3 class=\"mpc-post__heading mpc-transition mpc-typography--preset_1 mpc-text-overflow\"><a href=\"https:\/\/co-factor.com\/ro\/transparenta-salariala\/\" title=\"Transparen\u021ba salarial\u0103 \u00eencepe cu performan\u021ba\">Transparen\u021ba salarial\u0103 \u00eencepe cu performan\u021ba<\/a><\/h3><\/div><div class=\"mpc-post__description mpc-typography--mpc_preset_1\">Noua directiv\u0103 european\u0103 privind transparen\u021ba salarial\u0103 (Directiva UE 2023\/970) cere companiilor s\u0103 fie...<\/div><a href=\"https:\/\/co-factor.com\/ro\/transparenta-salariala\/\" title=\"Transparen\u021ba salarial\u0103 \u00eencepe cu performan\u021ba\"  class=\"mpc-button mpc-init mpc-transition mpc-typography--preset_1 mpc-display--block \" ><div class=\"mpc-button__content mpc-effect-type--none mpc-effect-side--none\"><span class=\"mpc-button__title mpc-transition\">Cite\u0219te tot<\/span><\/div><div class=\"mpc-button__background mpc-transition mpc-effect-type--slide mpc-effect-side--top\"><\/div><\/a><\/div><\/div><\/div><div onclick=\"\" class=\"mpc-post\"><div class=\"mpc-post__wrapper\"><div class=\"mpc-post__thumbnail\" data-mpc_src=\"https:\/\/co-factor.com\/wp-content\/uploads\/2026\/02\/target_resized_800w_compressed-1.jpg\" data-mpc_link=\"https:\/\/co-factor.com\/ro\/cascadarea-obiectivelor-cum-transforma-okr-urile-strategia-in-rezultate-reale\/\"><div class=\"mpc-post__overlay mpc-transition\"><div class=\"mpc-post--vertical-wrap\"><div class=\"mpc-post--vertical\" data-mpc_link=\"https:\/\/co-factor.com\/ro\/cascadarea-obiectivelor-cum-transforma-okr-urile-strategia-in-rezultate-reale\/\"><\/div><\/div><\/div><\/div><div class=\"mpc-post__content mpc-transition\"><div class=\"mpc-wrapper\"><h3 class=\"mpc-post__heading mpc-transition mpc-typography--preset_1 mpc-text-overflow\"><a href=\"https:\/\/co-factor.com\/ro\/cascadarea-obiectivelor-cum-transforma-okr-urile-strategia-in-rezultate-reale\/\" title=\"Cascadarea obiectivelor: cum transform\u0103 OKR-urile strategia \u00een rezultate reale\">Cascadarea obiectivelor: cum transform\u0103 OKR-urile strategia \u00een rezultate reale<\/a><\/h3><\/div><div class=\"mpc-post__description mpc-typography--mpc_preset_1\">Leg\u0103tura dintre obiectivele strategice \u0219i activitatea zilnic\u0103 a angaja\u021bilor r\u0103m\u00e2ne adesea neclar\u0103. Cascadarea obiectivelor ...<\/div><a href=\"https:\/\/co-factor.com\/ro\/cascadarea-obiectivelor-cum-transforma-okr-urile-strategia-in-rezultate-reale\/\" title=\"Cascadarea obiectivelor: cum transform\u0103 OKR-urile strategia \u00een rezultate reale\"  class=\"mpc-button mpc-init mpc-transition mpc-typography--preset_1 mpc-display--block \" ><div class=\"mpc-button__content mpc-effect-type--none mpc-effect-side--none\"><span class=\"mpc-button__title mpc-transition\">Cite\u0219te tot<\/span><\/div><div class=\"mpc-button__background mpc-transition mpc-effect-type--slide mpc-effect-side--top\"><\/div><\/a><\/div><\/div><\/div><div onclick=\"\" class=\"mpc-post\"><div class=\"mpc-post__wrapper\"><div class=\"mpc-post__thumbnail\" data-mpc_src=\"https:\/\/co-factor.com\/wp-content\/uploads\/2026\/01\/na_january_02-2-1024x683.jpg\" data-mpc_link=\"https:\/\/co-factor.com\/ro\/obiectivele-puntea-dintre-strategie-oameni-si-rezultate\/\"><div class=\"mpc-post__overlay mpc-transition\"><div class=\"mpc-post--vertical-wrap\"><div class=\"mpc-post--vertical\" data-mpc_link=\"https:\/\/co-factor.com\/ro\/obiectivele-puntea-dintre-strategie-oameni-si-rezultate\/\"><\/div><\/div><\/div><\/div><div class=\"mpc-post__content mpc-transition\"><div class=\"mpc-wrapper\"><h3 class=\"mpc-post__heading mpc-transition mpc-typography--preset_1 mpc-text-overflow\"><a href=\"https:\/\/co-factor.com\/ro\/obiectivele-puntea-dintre-strategie-oameni-si-rezultate\/\" title=\"Setarea obiectivelor &#8211; puntea dintre strategie, oameni \u0219i rezultate\">Setarea obiectivelor &#8211; puntea dintre strategie, oameni \u0219i rezultate<\/a><\/h3><\/div><div class=\"mpc-post__description mpc-typography--mpc_preset_1\">La fiecare \u00eenceput de an, organiza\u021biile \u00ee\u0219i seteaz\u0103 direc\u021bia: planuri, targeturi, priorit\u0103\u021bi. Dar,...<\/div><a href=\"https:\/\/co-factor.com\/ro\/obiectivele-puntea-dintre-strategie-oameni-si-rezultate\/\" title=\"Setarea obiectivelor &#8211; puntea dintre strategie, oameni \u0219i rezultate\"  class=\"mpc-button mpc-init mpc-transition mpc-typography--preset_1 mpc-display--block \" ><div class=\"mpc-button__content mpc-effect-type--none mpc-effect-side--none\"><span class=\"mpc-button__title mpc-transition\">Cite\u0219te tot<\/span><\/div><div class=\"mpc-button__background mpc-transition mpc-effect-type--slide mpc-effect-side--top\"><\/div><\/a><\/div><\/div><\/div><div onclick=\"\" class=\"mpc-post\"><div class=\"mpc-post__wrapper\"><div class=\"mpc-post__thumbnail\" data-mpc_src=\"https:\/\/co-factor.com\/wp-content\/uploads\/2026\/01\/3669460-1-1024x683.jpg\" data-mpc_link=\"https:\/\/co-factor.com\/ro\/who-is-responsible-for-poor-employee-performance\/\"><div class=\"mpc-post__overlay mpc-transition\"><div class=\"mpc-post--vertical-wrap\"><div class=\"mpc-post--vertical\" data-mpc_link=\"https:\/\/co-factor.com\/ro\/who-is-responsible-for-poor-employee-performance\/\"><\/div><\/div><\/div><\/div><div class=\"mpc-post__content mpc-transition\"><div class=\"mpc-wrapper\"><h3 class=\"mpc-post__heading mpc-transition mpc-typography--preset_1 mpc-text-overflow\"><a href=\"https:\/\/co-factor.com\/ro\/who-is-responsible-for-poor-employee-performance\/\" title=\"Cine este responsabil pentru performan\u021ba angaja\u021bilor?\">Cine este responsabil pentru performan\u021ba angaja\u021bilor?<\/a><\/h3><\/div><div class=\"mpc-post__description mpc-typography--mpc_preset_1\">C\u00e2nd rezultatele nu apar, prima reac\u021bie este s\u0103 c\u0103ut\u0103m vinova\u021bi. Angaja\u021bii \u201enu sunt suficient de motiva\u021bi\u201d, managerii...<\/div><a href=\"https:\/\/co-factor.com\/ro\/who-is-responsible-for-poor-employee-performance\/\" title=\"Cine este responsabil pentru performan\u021ba angaja\u021bilor?\"  class=\"mpc-button mpc-init mpc-transition mpc-typography--preset_1 mpc-display--block \" ><div class=\"mpc-button__content mpc-effect-type--none mpc-effect-side--none\"><span class=\"mpc-button__title mpc-transition\">Cite\u0219te tot<\/span><\/div><div class=\"mpc-button__background mpc-transition mpc-effect-type--slide mpc-effect-side--top\"><\/div><\/a><\/div><\/div><\/div><\/div><script type=\"text\/javascript\">var _mpc_grid_posts_6969e72ba4964e5_atts = {\"preset\":\"mpc_preset_1\",\"cols\":\"2\",\"gap\":\"70\",\"order\":\"DESC\",\"layout\":\"style_3\",\"thumb_height\":\"300\",\"title_font_preset\":\"preset_1\",\"title_font_color\":\"#333333\",\"title_font_size\":\"20\",\"title_font_line_height\":\"2\",\"title_font_transform\":\"none\",\"title_font_align\":\"left\",\"hover_title_color\":\"#75cdde\",\"title_margin_divider\":\"true\",\"meta_layout\":\"\",\"meta_font_preset\":\"preset_0\",\"meta_font_color\":\"#888888\",\"meta_font_size\":\"12\",\"meta_font_line_height\":\"1.5\",\"meta_font_transform\":\"none\",\"meta_font_align\":\"center\",\"meta_link_color\":\"#777777\",\"hover_meta_link_color\":\"#75cdde\",\"meta_margin_divider\":\"true\",\"date_border_divider\":\"true\",\"date_padding_divider\":\"true\",\"date_margin_divider\":\"true\",\"description_font_preset\":\"mpc_preset_1\",\"description_font_align\":\"left\",\"description_padding_divider\":\"true\",\"description_margin_divider\":\"true\",\"background_color\":\"#ffffff\",\"border_divider\":\"true\",\"border_css\":\"border-color:#d1d1d1;\",\"padding_divider\":\"true\",\"padding_css\":\"padding-top:17px;padding-bottom:17px;\",\"overlay_effect\":\"slide-up\",\"overlay_color\":\"rgba(255,255,255,0.3)\",\"overlay_title_margin_divider\":\"true\",\"overlay_meta_margin_divider\":\"true\",\"overlay_date_padding_divider\":\"true\",\"overlay_date_margin_divider\":\"true\",\"overlay_description_padding_divider\":\"true\",\"overlay_description_margin_divider\":\"true\",\"lightbox_disable\":\"true\",\"lightbox_icon\":\"mi mi-search\",\"lightbox_icon_color\":\"#555555\",\"lightbox_icon_size\":\"36\",\"hover_lightbox_color\":\"#75cdde\",\"readmore_disable\":\"true\",\"readmore_icon\":\"mi mi-open_in_new\",\"readmore_icon_color\":\"#555555\",\"readmore_icon_size\":\"36\",\"hover_readmore_color\":\"#75cdde\",\"overlay_icons_padding_divider\":\"true\",\"overlay_icons_margin_divider\":\"true\",\"mpc_button__preset\":\"mpc_preset_25\",\"mpc_button__block\":\"true\",\"mpc_button__url\":\"url:%23|title:Link|\",\"mpc_button__font_preset\":\"preset_1\",\"mpc_button__font_color\":\"#2cdbd9\",\"mpc_button__font_size\":\"16\",\"mpc_button__font_transform\":\"uppercase\",\"mpc_button__font_align\":\"right\",\"mpc_button__title\":\"Cite\\u0219te tot\",\"mpc_button__border_divider\":\"true\",\"mpc_button__border_css\":\"border-color:#e5e5e5;border-radius:0px;\",\"mpc_button__padding_divider\":\"true\",\"mpc_button__padding_css\":\"padding-top:25px;padding-right:30px;padding-bottom:25px;padding-left:30px;\",\"mpc_button__margin_divider\":\"true\",\"mpc_button__hover_background_effect\":\"slide-top\",\"mpc_button__hover_border_divider\":\"true\",\"mpc_button__mpc_tooltip__border_divider\":\"true\",\"mpc_button__mpc_tooltip__padding_divider\":\"true\",\"class\":\"blog-posts\",\"mpc_pagination__preset\":\"mpc_preset_3\",\"mpc_pagination__border_divider\":\"true\",\"mpc_pagination__padding_divider\":\"true\",\"mpc_pagination__margin_divider\":\"true\",\"mpc_pagination__hover_border_divider\":\"true\",\"mpc_pagination__mpc_tooltip__border_divider\":\"true\",\"mpc_pagination__mpc_tooltip__border_css\":\"border-color:undefined;border-style:undefined;\",\"mpc_pagination__mpc_tooltip__padding_divider\":\"true\",\"mpc_pagination__mpc_tooltip__padding_unit\":\"\",\"mpc_pagination__pag_margin_divider\":\"true\"}, _mpc_grid_posts_6969e72ba4964e5_query = {\"post_type\":\"post\",\"taxonomies\":\"\",\"ids\":\"\",\"order\":\"DESC\",\"include_exclude_type\":\"include\",\"orderby\":\"date\",\"items_number\":\"6\",\"target\":\"mpc_grid_posts_6969e72ba4964e5\",\"callback\":\"MPC_Grid_Posts\"};<\/script><div class=\"mpc-pagination mpc-init mpc-pagination--load-more mpc-pagination-preset--mpc_preset_3 mpc-align--center \" data-grid=\"mpc_grid_posts_6969e72ba4964e5\" data-current=\"1\" data-pages=\"17\" data-type=\"load-more\" data-preset=\"mpc_preset_3\"><a class=\"mpc-typography--mpc_preset_1 mpc-pagination__link mpc-transition\" href=\"#load-more\"><div class=\"mpc-pagination__content mpc-effect-type--push_out mpc-effect-side--bottom\"><span class=\"mpc-pagination__title mpc-transition\">load more<\/span><i class=\"mpc-pagination__icon mpc-transition  mi mi-chevron_right\"><\/i><\/div><div class=\"mpc-pagination__background mpc-transition mpc-effect-type--slide mpc-effect-side--bottom\"><\/div><\/a><\/div>[\/vc_column][vc_column width=&#8221;1\/6&#8243;][\/vc_column][\/vc_row][vc_row full_width=&#8221;stretch_row_content_no_spaces&#8221; full_height=&#8221;yes&#8221; css_animation=&#8221;top-to-bottom&#8221; _et_uniqid=&#8221;et_custom_uniqid_new_61c44ce9278e8&#8243; css=&#8221;.vc_custom_1640254702234{margin-top: 0px !important;margin-bottom: -69px !important;background-image: url(http:\/\/co-factor.com\/wp-content\/uploads\/2021\/11\/bg_newsletter.png?id=3237) !important;background-position: center !important;background-repeat: no-repeat !important;background-size: contain !important;}&#8221; el_id=&#8221;sect-newsletter&#8221;][vc_column width=&#8221;1\/6&#8243;][\/vc_column][vc_column width=&#8221;2\/3&#8243;][vc_column_text css_animation=&#8221;appear&#8221;]<\/p>\n<div class=\"wpb_text_column wpb_content_element wpb_animate_when_almost_visible wpb_appear appear wpb_start_animation animated\">\n<div class=\"wpb_wrapper\">\n<h3 class=\"homepage-title-h3\">C\u00e2nd angaja\u021bii au succes, companiile prosper\u0103<\/h3>\n<\/div>\n<\/div>\n<p>[\/vc_column_text][vc_column_text]<\/p>\n<p class=\"homepage-text-24\">Aboneaz\u0103-te la Newsletter \u0219i fii la curent<br \/>\ncu cele mai noi tendin\u021be \u00een HR!<\/p>\n<p>[\/vc_column_text][vc_column_text]<script>(function() {\n\twindow.mc4wp = window.mc4wp || {\n\t\tlisteners: [],\n\t\tforms: {\n\t\t\ton: function(evt, cb) {\n\t\t\t\twindow.mc4wp.listeners.push(\n\t\t\t\t\t{\n\t\t\t\t\t\tevent   : evt,\n\t\t\t\t\t\tcallback: cb\n\t\t\t\t\t}\n\t\t\t\t);\n\t\t\t}\n\t\t}\n\t}\n})();\n<\/script><!-- Mailchimp for WordPress v4.8.6 - https:\/\/wordpress.org\/plugins\/mailchimp-for-wp\/ --><form id=\"mc4wp-form-1\" class=\"mc4wp-form mc4wp-form-362\" method=\"post\" data-id=\"362\" data-name=\"Form\" ><div class=\"mc4wp-form-fields\"><div>\r\n    <p style=\"text-align:center;\">\r\n\t<input type=\"email\" name=\"EMAIL\" placeholder=\"your email address\" required class=\"newsletter-input-box input-inline\"\/>\r\n    <input type=\"submit\" value=\"Subscribe\" class=\"input-inline btn-subscribe\" \/>\r\n    <\/p><p style=\"text-align:center;\">\r\n    <label>\r\n        <input name=\"AGREE_TO_TERMS\" type=\"checkbox\" value=\"1\" required=\"\" checked> <a href=\"https:\/\/co-factor.com\/privacy-policy\/\" target=\"_blank\">By subscribing to this newsletter I agree to the Terms of use and Privacy Policy.<\/a>\r\n    <\/label>\r\n<\/p>\r\n\r\n<\/div><\/div><label style=\"display: none !important;\">Leave this field empty if you're human: <input type=\"text\" name=\"_mc4wp_honeypot\" value=\"\" tabindex=\"-1\" autocomplete=\"off\" \/><\/label><input type=\"hidden\" name=\"_mc4wp_timestamp\" value=\"1776757668\" \/><input type=\"hidden\" name=\"_mc4wp_form_id\" value=\"362\" \/><input type=\"hidden\" name=\"_mc4wp_form_element_id\" value=\"mc4wp-form-1\" \/><div class=\"mc4wp-response\"><\/div><\/form><!-- \/ Mailchimp for WordPress Plugin -->[\/vc_column_text][\/vc_column][vc_column width=&#8221;1\/6&#8243;][\/vc_column][\/vc_row]<\/p>\n","protected":false},"excerpt":{"rendered":"<p>[vc_row full_width=&#8221;stretch_row_content_no_spaces&#8221; _et_uniqid=&#8221;et_custom_uniqid_new_6188e7790c378&#8243;][vc_column width=&#8221;1\/6&#8243;][\/vc_column][vc_column css_animation=&#8221;slideInDown&#8221; width=&#8221;2\/3&#8243; _et_uniqid=&#8221;et_custom_uniqid_new_61a0fb4c4b85e&#8221;][vc_column_text css_animation=&#8221;slideInDown&#8221;]Blog Perspective \u0219i Insight-uri[\/vc_column_text][\/vc_column][vc_column width=&#8221;1\/6&#8243;][\/vc_column][\/vc_row][vc_row full_width=&#8221;stretch_row_content_no_spaces&#8221;&#8230;<\/p>\n","protected":false},"author":1,"featured_media":0,"parent":0,"menu_order":0,"comment_status":"closed","ping_status":"closed","template":"","meta":{"inline_featured_image":false},"translation":{"provider":"WPGlobus","version":"2.8.10","language":"ro","enabled_languages":["en","ro"],"languages":{"en":{"title":true,"content":true,"excerpt":false},"ro":{"title":true,"content":true,"excerpt":false}}},"_links":{"self":[{"href":"https:\/\/co-factor.com\/ro\/wp-json\/wp\/v2\/pages\/2460"}],"collection":[{"href":"https:\/\/co-factor.com\/ro\/wp-json\/wp\/v2\/pages"}],"about":[{"href":"https:\/\/co-factor.com\/ro\/wp-json\/wp\/v2\/types\/page"}],"author":[{"embeddable":true,"href":"https:\/\/co-factor.com\/ro\/wp-json\/wp\/v2\/users\/1"}],"replies":[{"embeddable":true,"href":"https:\/\/co-factor.com\/ro\/wp-json\/wp\/v2\/comments?post=2460"}],"version-history":[{"count":0,"href":"https:\/\/co-factor.com\/ro\/wp-json\/wp\/v2\/pages\/2460\/revisions"}],"wp:attachment":[{"href":"https:\/\/co-factor.com\/ro\/wp-json\/wp\/v2\/media?parent=2460"}],"curies":[{"name":"wp","href":"https:\/\/api.w.org\/{rel}","templated":true}]}}