{"id":2307,"date":"2021-11-04T00:41:55","date_gmt":"2021-11-04T00:41:55","guid":{"rendered":"http:\/\/co-factor.com\/?page_id=2307"},"modified":"2022-01-14T10:46:07","modified_gmt":"2022-01-14T10:46:07","slug":"partners","status":"publish","type":"page","link":"https:\/\/co-factor.com\/ro\/partners\/","title":{"rendered":"Parteneri"},"content":{"rendered":"<p>[vc_row full_width=&#8221;stretch_row_content&#8221; full_height=&#8221;yes&#8221; columns_placement=&#8221;top&#8221; equal_height=&#8221;yes&#8221; content_placement=&#8221;top&#8221; css_animation=&#8221;top-to-bottom&#8221; background_position=&#8221;right&#8221; animation_in_type=&#8221;transition.expandIn&#8221; animation_in_offset=&#8221;100&#8243; animation_in_duration=&#8221;300&#8243; animation_in_delay=&#8221;0&#8243; css=&#8221;.vc_custom_1638202591200{margin-top: -40px !important;padding-top: 0px !important;padding-bottom: 200px !important;background-image: url(http:\/\/co-factor.com\/wp-content\/uploads\/2021\/11\/bg1.png?id=2246) !important;background-position: 0 0 !important;background-repeat: no-repeat !important;}&#8221; _et_uniqid=&#8221;et_custom_uniqid_new_61a4fcda2f3e1&#8243; el_id=&#8221;sect-partners-header&#8221;][vc_column width=&#8221;1\/6&#8243; _et_uniqid=&#8221;et_custom_uniqid_new_617fdaece70ec&#8221;][\/vc_column][vc_column width=&#8221;1\/3&#8243; _et_uniqid=&#8221;et_custom_uniqid_new_617fdae26a17c&#8221;][vc_column_text css_animation=&#8221;slideInDown&#8221; css=&#8221;.vc_custom_1642150919120{margin-top: 60px !important;}&#8221;]<\/p>\n<p class=\"hometext\">Devino partenerul nostru! Oferim <span class=\"bluetext\">solu\u021bii inovatoare la cheie,<\/span><br \/>\npentru clien\u021bii no\u0219tri, dar \u0219i pentru ai t\u0103i.<\/p>\n<p>[\/vc_column_text][vc_column_text css_animation=&#8221;slideInDown&#8221; css=&#8221;.vc_custom_1642150950591{margin-top: 60px !important;}&#8221;]<\/p>\n<p class=\"smallhomepagetext\">Te po\u021bi conecta la noi oportunit\u0103\u021bi \u0219i po\u021bi folosi resursele noastre pentru o cre\u0219tere accelerat\u0103 a afacerii tale, prin integrarea produselor Co-Factor \u00een portofoliul de servicii pe care compania ta le ofer\u0103.<\/p>\n<p>[\/vc_column_text][\/vc_column][vc_column width=&#8221;1\/2&#8243;][vc_single_image image=&#8221;3328&#8243; img_size=&#8221;full&#8221; alignment=&#8221;center&#8221; css_animation=&#8221;right-to-left&#8221; css=&#8221;.vc_custom_1637940847008{margin-bottom: 0px !important;}&#8221;][\/vc_column][\/vc_row][vc_row][vc_column width=&#8221;1\/6&#8243;][\/vc_column][vc_column width=&#8221;2\/3&#8243;][vc_column_text]<\/p>\n<h3 class=\"prods-title-h3\">De ce noi?<\/h3>\n<p>[\/vc_column_text][vc_column_text]O solu\u021bie combinat\u0103 \u0219i complet\u0103!<\/p>\n<p>Platforma Co-Factor completeaz\u0103 cu succes oricare dintre serviciile pe care le oferi \u00een mod obi\u0219nuit \u0219i adaug\u0103 valoare solu\u021biilor standard, cum ar fi servicii de consultan\u021b\u0103 organiza\u021bional\u0103, consultan\u021b\u0103 privind procesul de management al performan\u021bei, cultur\u0103, inova\u021bie, studii de m\u0103surare a angajamentului sau plan de consultan\u021b\u0103 \u0219i comunicare \u00een organiza\u021bie.<\/p>\n<p>Ad\u0103ug\u0103 tehnologia noastr\u0103 inovatoare la consultan\u021ba pe care o oferi, pentru a impresiona clien\u021bii \u0219i pentru a crea \u00eempreun\u0103 un impact mai mare \u00een orice tip de organiza\u021bie.<\/p>\n<p>O oportunitate de c\u00e2\u0219tig, beneficii pe termen lung!<\/p>\n<p>Recomand\u0103rile pe care le faci clien\u021bilor t\u0103i pot fi acum implementate pe termen lung cu ajutorul tehnologiei Co-Factor, iar rezultatele pot fi, \u00een sf\u00e2r\u0219it, m\u0103surate \u0219i comparate.<\/p>\n<p>Indiferent dac\u0103 alegi s\u0103 utilizezi platforma Co-Factor pentru a completa solu\u021biile pe care le oferi sau pentru a o revinde ca instrument durabil, suntem \u00eencrez\u0103tori c\u0103, \u00eempreun\u0103, putem accelera transformarea digital\u0103 a proceselor organiza\u021bionale \u0219i a afacerilor, care vor fi mai preg\u0103tite pentru viitor.[\/vc_column_text][\/vc_column][vc_column width=&#8221;1\/6&#8243;][\/vc_column][\/vc_row][vc_row][vc_column width=&#8221;1\/6&#8243;][\/vc_column][vc_column width=&#8221;2\/3&#8243;]<div role=\"form\" class=\"wpcf7\" id=\"wpcf7-f3533-o1\" lang=\"en-US\" dir=\"ltr\">\n<div class=\"screen-reader-response\"><p role=\"status\" aria-live=\"polite\" aria-atomic=\"true\"><\/p> <ul><\/ul><\/div>\n<form action=\"\/ro\/wp-json\/wp\/v2\/pages\/2307#wpcf7-f3533-o1\" method=\"post\" class=\"wpcf7-form init mailchimp-ext-0.5.54\" novalidate=\"novalidate\" data-status=\"init\">\n<div style=\"display: none;\">\n<input type=\"hidden\" name=\"_wpcf7\" value=\"3533\" \/>\n<input type=\"hidden\" name=\"_wpcf7_version\" value=\"5.5.3\" \/>\n<input type=\"hidden\" name=\"_wpcf7_locale\" value=\"en_US\" \/>\n<input type=\"hidden\" name=\"_wpcf7_unit_tag\" value=\"wpcf7-f3533-o1\" \/>\n<input type=\"hidden\" name=\"_wpcf7_container_post\" value=\"0\" \/>\n<input type=\"hidden\" name=\"_wpcf7_posted_data_hash\" value=\"\" \/>\n<input type=\"hidden\" name=\"_map_author\" value=\"1\" \/>\n<input type=\"hidden\" name=\"_wpcf7_recaptcha_response\" value=\"\" \/>\n<\/div>\n<div class=\"row\">\n<div class=\"col-md-12\">\n<h3 class=\"contact-title-h3\">Devin Partener<\/h3>\n<\/div>\n<\/div>\n<div class=\"row mg-top-20\">\n<div class=\"col-md-12\">\n<p class=\"contact-title-p\">Nume<\/p>\n<\/div>\n<\/div>\n<div class=\"row\">\n<div class=\"col-md-6\">\n      <span class=\"wpcf7-form-control-wrap your-first-name\"><input type=\"text\" name=\"your-first-name\" value=\"\" size=\"40\" class=\"wpcf7-form-control wpcf7-text wpcf7-validates-as-required\" aria-required=\"true\" aria-invalid=\"false\" placeholder=\"Prenume\" \/><\/span>\n   <\/div>\n<div class=\"col-md-6\">\n      <span class=\"wpcf7-form-control-wrap your-last-name\"><input type=\"text\" name=\"your-last-name\" value=\"\" size=\"40\" class=\"wpcf7-form-control wpcf7-text wpcf7-validates-as-required\" aria-required=\"true\" aria-invalid=\"false\" placeholder=\"Nume\" \/><\/span>\n   <\/div>\n<\/div>\n<div class=\"row mg-top-20\">\n<div class=\"col-md-6\">\n<p class=\"contact-title-p\">Email<\/p>\n<\/div>\n<div class=\"col-md-6\">\n<p class=\"contact-title-p\">Companie<\/p>\n<\/div>\n<\/div>\n<div class=\"row\">\n<div class=\"col-md-6\">\n      <span class=\"wpcf7-form-control-wrap your-email\"><input type=\"email\" name=\"your-email\" value=\"\" size=\"40\" class=\"wpcf7-form-control wpcf7-text wpcf7-email wpcf7-validates-as-required wpcf7-validates-as-email\" aria-required=\"true\" aria-invalid=\"false\" placeholder=\"E-mail business\" \/><\/span>\n   <\/div>\n<div class=\"col-md-6\">\n      <span class=\"wpcf7-form-control-wrap your-company-name\"><input type=\"text\" name=\"your-company-name\" value=\"\" size=\"40\" class=\"wpcf7-form-control wpcf7-text wpcf7-validates-as-required\" aria-required=\"true\" aria-invalid=\"false\" placeholder=\"Companie\" \/><\/span>\n   <\/div>\n<\/div>\n<div class=\"row mg-top-20\">\n<div class=\"col-md-12\">\n      <input type=\"submit\" value=\"Devin Partener\" class=\"wpcf7-form-control has-spinner wpcf7-submit\" \/>\n   <\/div>\n<\/div>\n<div class=\"row mg-top-20\">\n<div class=\"col-md-12\">\n      Prin transmiterea formularului admit c\u0103 am citit \u0219i sunt de<br \/>\n      acord cu <a href=\"http:\/\/co-factor.com\/ro\/terms-and-conditions\/\"target=\"_blank\">Termenii site-ului<\/a> and <a href=\"http:\/\/co-factor.com\/ro\/privacy-policy\/\"target=\"_blank\">Politica de Confiden\u021bialitate<\/a>.\n   <\/div>\n<\/div>\n<div class=\"wpcf7-response-output\" aria-hidden=\"true\"><\/div><p style=\"display: none !important\"><span class=\"wpcf7-form-control-wrap referer-page\"><input type=\"hidden\" name=\"referer-page\" value=\"http:\/\/Direct%20Visit\" data-value=\"http:\/\/Direct%20Visit\" class=\"wpcf7-form-control wpcf7-text referer-page\" aria-invalid=\"false\"><\/span><\/p>\n<!-- Chimpmail extension by Renzo Johnson --><\/form><\/div>[\/vc_column][vc_column width=&#8221;1\/6&#8243;][\/vc_column][\/vc_row][vc_row full_width=&#8221;stretch_row_content_no_spaces&#8221; css_animation=&#8221;top-to-bottom&#8221; _et_uniqid=&#8221;et_custom_uniqid_new_61ade68d0433e&#8221; css=&#8221;.vc_custom_1638786710827{margin-top: -100px !important;}&#8221; el_id=&#8221;sect-partner-1&#8243;][vc_column width=&#8221;1\/4&#8243;][\/vc_column][vc_column width=&#8221;1\/4&#8243;][\/vc_column][\/vc_row][vc_row full_width=&#8221;stretch_row_content_no_spaces&#8221; css_animation=&#8221;top-to-bottom&#8221; _et_uniqid=&#8221;et_custom_uniqid_new_61ade697dd152&#8243; el_id=&#8221;sect-partner-2&#8243;][vc_column width=&#8221;1\/3&#8243;][\/vc_column][vc_column width=&#8221;1\/3&#8243;][\/vc_column][vc_column width=&#8221;1\/3&#8243;][\/vc_column][\/vc_row][vc_row full_width=&#8221;stretch_row_content_no_spaces&#8221; css_animation=&#8221;top-to-bottom&#8221; _et_uniqid=&#8221;et_custom_uniqid_new_61ade69db6ebe&#8221; el_id=&#8221;sect-partner-3&#8243;][vc_column width=&#8221;1\/4&#8243;][\/vc_column][vc_column width=&#8221;1\/4&#8243; css=&#8221;.vc_custom_1637848583225{padding-top: 25px !important;padding-right: 25px !important;padding-bottom: 25px !important;padding-left: 25px !important;}&#8221; _et_uniqid=&#8221;et_custom_uniqid_new_619f96016cb54&#8243;]<div data-id=\"mpc_icon_column-7269e8a4f2a3aff\" class=\"mpc-icon-column mpc-init mpc-parent-hover mpc-transition mpc-icon-column--style_5 mpc-align--left card-partners\" ><div class=\"mpc-icon-column__content-wrap\"><div class=\"mpc-icon-column__content\"><div class=\"mpc-icon-column__description mpc-typography--mpc_preset_44 mpc-transition\"><p><a href=\"https:\/\/codeoftalent.com\/\" target=\"_blank\" rel=\"noopener\"><img loading=\"lazy\" class=\"size-full wp-image-4352 aligncenter\" src=\"https:\/\/co-factor.com\/wp-content\/uploads\/2022\/01\/COT-logo.png\" alt=\"\" width=\"400\" height=\"156\" srcset=\"https:\/\/co-factor.com\/wp-content\/uploads\/2022\/01\/COT-logo.png 400w, https:\/\/co-factor.com\/wp-content\/uploads\/2022\/01\/COT-logo-300x117.png 300w, https:\/\/co-factor.com\/wp-content\/uploads\/2022\/01\/COT-logo-1x1.png 1w, https:\/\/co-factor.com\/wp-content\/uploads\/2022\/01\/COT-logo-10x4.png 10w\" sizes=\"(max-width: 400px) 100vw, 400px\" \/><\/a><\/p>\n<\/div><\/div><\/div><\/div>[\/vc_column][vc_column width=&#8221;1\/4&#8243; css=&#8221;.vc_custom_1637848796719{padding-top: 25px !important;padding-right: 25px !important;padding-bottom: 25px !important;padding-left: 25px !important;}&#8221; _et_uniqid=&#8221;et_custom_uniqid_new_619f96d54da5a&#8221;]<div data-id=\"mpc_icon_column-2169e8a4f2a3bc7\" class=\"mpc-icon-column mpc-init mpc-parent-hover mpc-transition mpc-icon-column--style_5 mpc-align--left card-partners\" ><div class=\"mpc-icon-column__content-wrap\"><div class=\"mpc-icon-column__content\"><div class=\"mpc-icon-column__description mpc-typography--mpc_preset_44 mpc-transition\"><p><a href=\"https:\/\/www.rogalskidamaschin.ro\/\" target=\"_blank\" rel=\"noopener\"><img loading=\"lazy\" class=\"size-full wp-image-4366 aligncenter\" src=\"https:\/\/co-factor.com\/wp-content\/uploads\/2022\/01\/Rogalski-damaschin-logo-final.png\" alt=\"\" width=\"400\" height=\"156\" srcset=\"https:\/\/co-factor.com\/wp-content\/uploads\/2022\/01\/Rogalski-damaschin-logo-final.png 400w, https:\/\/co-factor.com\/wp-content\/uploads\/2022\/01\/Rogalski-damaschin-logo-final-300x117.png 300w, https:\/\/co-factor.com\/wp-content\/uploads\/2022\/01\/Rogalski-damaschin-logo-final-1x1.png 1w, https:\/\/co-factor.com\/wp-content\/uploads\/2022\/01\/Rogalski-damaschin-logo-final-10x4.png 10w\" sizes=\"(max-width: 400px) 100vw, 400px\" \/><\/a><\/p>\n<\/div><\/div><\/div><\/div>[\/vc_column][vc_column width=&#8221;1\/4&#8243;][\/vc_column][\/vc_row][vc_row full_width=&#8221;stretch_row_content_no_spaces&#8221; css_animation=&#8221;top-to-bottom&#8221; _et_uniqid=&#8221;et_custom_uniqid_new_61ade6a3749e2&#8243; z_index=&#8221;1&#8243; el_id=&#8221;sect-partner-4&#8243;][vc_column width=&#8221;1\/4&#8243;][\/vc_column][vc_column width=&#8221;1\/4&#8243; css=&#8221;.vc_custom_1637848583225{padding-top: 25px !important;padding-right: 25px !important;padding-bottom: 25px !important;padding-left: 25px !important;}&#8221; _et_uniqid=&#8221;et_custom_uniqid_new_619f96016cb54&#8243;][\/vc_column][vc_column width=&#8221;1\/4&#8243; css=&#8221;.vc_custom_1637848796719{padding-top: 25px !important;padding-right: 25px !important;padding-bottom: 25px !important;padding-left: 25px !important;}&#8221; _et_uniqid=&#8221;et_custom_uniqid_new_619f96d54da5a&#8221;][\/vc_column][vc_column width=&#8221;1\/4&#8243;][\/vc_column][\/vc_row][vc_row full_width=&#8221;stretch_row_content_no_spaces&#8221; full_height=&#8221;yes&#8221; css_animation=&#8221;top-to-bottom&#8221; _et_uniqid=&#8221;et_custom_uniqid_new_61ade6a953e8f&#8221; css=&#8221;.vc_custom_1638786735111{margin-top: -100px !important;background-image: url(http:\/\/co-factor.com\/wp-content\/uploads\/2021\/11\/bg3.png?id=2248) !important;background-position: center !important;background-repeat: no-repeat !important;background-size: cover !important;}&#8221; z_index=&#8221;0&#8243; el_id=&#8221;sect-partner-footer&#8221;][vc_column width=&#8221;1\/6&#8243;][\/vc_column][vc_column width=&#8221;2\/3&#8243;][vc_column_text css_animation=&#8221;slideInDown&#8221;]<\/p>\n<h3 class=\"homepage-title-h3\">Suntem aici s\u0103 afl\u0103m provoc\u0103rile cu care te confrun\u021bi<br \/>\n\u0219i s\u0103 sprijinim succesul organiza\u021biei tale!<\/h3>\n<p>[\/vc_column_text][vc_row_inner][vc_column_inner width=&#8221;1\/4&#8243;][\/vc_column_inner][vc_column_inner width=&#8221;1\/4&#8243;]\r\n\t\t<div class=\"et-fancy-button button-green small-bt et-fancy-button-9858\">\r\n\r\n\t\t\t<div class=\"button-wrap inline-block\"><a href=\"http:\/\/co-factor.com\/instant-demo\/\" class=\"btn flex flex-nowrap justify-content-center align-items-center  style-custom  size-custom\" title=\"Demo instant\" target=\"_blank\"> <span>Demo instant<\/span> <\/a><\/div>\r\n\t\t<\/div>\r\n\t\r\n\t\t[\/vc_column_inner][vc_column_inner width=&#8221;1\/4&#8243;]\r\n\t\t<div class=\"et-fancy-button button-green button-green3 small-bt et-fancy-button-4888\">\r\n\r\n\t\t\t<div class=\"button-wrap inline-block\"><a href=\"http:\/\/co-factor.com\/pricing-options\/\" class=\"btn flex flex-nowrap justify-content-center align-items-center  style-custom  size-custom\" title=\"Vezi pachetele\" target=\"_blank\"> <span>Vezi pachetele<\/span> <\/a><\/div>\r\n\t\t<\/div>\r\n\t\r\n\t\t[\/vc_column_inner][vc_column_inner width=&#8221;1\/4&#8243;][\/vc_column_inner][\/vc_row_inner][\/vc_column][vc_column width=&#8221;1\/6&#8243;][\/vc_column][\/vc_row]<\/p>\n","protected":false},"excerpt":{"rendered":"<p>[vc_row full_width=&#8221;stretch_row_content&#8221; full_height=&#8221;yes&#8221; columns_placement=&#8221;top&#8221; equal_height=&#8221;yes&#8221; content_placement=&#8221;top&#8221; css_animation=&#8221;top-to-bottom&#8221; background_position=&#8221;right&#8221; animation_in_type=&#8221;transition.expandIn&#8221; animation_in_offset=&#8221;100&#8243; animation_in_duration=&#8221;300&#8243; animation_in_delay=&#8221;0&#8243; css=&#8221;.vc_custom_1638202591200{margin-top:&#8230;<\/p>\n","protected":false},"author":1,"featured_media":0,"parent":0,"menu_order":0,"comment_status":"closed","ping_status":"closed","template":"","meta":{"inline_featured_image":false},"translation":{"provider":"WPGlobus","version":"2.8.10","language":"ro","enabled_languages":["en","ro"],"languages":{"en":{"title":true,"content":true,"excerpt":false},"ro":{"title":true,"content":true,"excerpt":false}}},"_links":{"self":[{"href":"https:\/\/co-factor.com\/ro\/wp-json\/wp\/v2\/pages\/2307"}],"collection":[{"href":"https:\/\/co-factor.com\/ro\/wp-json\/wp\/v2\/pages"}],"about":[{"href":"https:\/\/co-factor.com\/ro\/wp-json\/wp\/v2\/types\/page"}],"author":[{"embeddable":true,"href":"https:\/\/co-factor.com\/ro\/wp-json\/wp\/v2\/users\/1"}],"replies":[{"embeddable":true,"href":"https:\/\/co-factor.com\/ro\/wp-json\/wp\/v2\/comments?post=2307"}],"version-history":[{"count":0,"href":"https:\/\/co-factor.com\/ro\/wp-json\/wp\/v2\/pages\/2307\/revisions"}],"wp:attachment":[{"href":"https:\/\/co-factor.com\/ro\/wp-json\/wp\/v2\/media?parent=2307"}],"curies":[{"name":"wp","href":"https:\/\/api.w.org\/{rel}","templated":true}]}}