{"id":2273,"date":"2021-11-04T00:18:42","date_gmt":"2021-11-04T00:18:42","guid":{"rendered":"http:\/\/co-factor.com\/?page_id=2273"},"modified":"2024-03-12T14:56:51","modified_gmt":"2024-03-12T14:56:51","slug":"case-studies","status":"publish","type":"page","link":"https:\/\/co-factor.com\/ro\/case-studies\/","title":{"rendered":"Studii de caz"},"content":{"rendered":"<p>[vc_row full_width=&#8221;stretch_row_content_no_spaces&#8221; _et_uniqid=&#8221;et_custom_uniqid_new_61bc964259b65&#8243;][vc_column width=&#8221;1\/6&#8243;][\/vc_column][vc_column width=&#8221;2\/3&#8243;][vc_column_text]<span class=\"blog-title\">Studii de caz<\/span><\/p>\n<p><span class=\"blog-subtitle\">Succesul altora poate inspira succesul t\u0103u<\/span>[\/vc_column_text][\/vc_column][vc_column width=&#8221;1\/6&#8243;][\/vc_column][\/vc_row][vc_section full_width=&#8221;stretch_row_content&#8221; content_placement=&#8221;middle&#8221; _et_uniqid=&#8221;et_custom_uniqid_new_619e113725f06&#8243; css=&#8221;.vc_custom_1637749051346{background-image: url(http:\/\/co-factor.com\/wp-content\/uploads\/2021\/11\/bg2_alternativ.png?id=2295) !important;background-position: center !important;background-repeat: no-repeat !important;background-size: contain !important;}&#8221; el_id=&#8221;sect-news&#8221;][vc_row full_width=&#8221;stretch_row_content_no_spaces&#8221; content_placement=&#8221;middle&#8221; css_animation=&#8221;appear&#8221; _et_uniqid=&#8221;et_custom_uniqid_new_61a0f9e02462f&#8221;][vc_column width=&#8221;1\/6&#8243;][\/vc_column][vc_column width=&#8221;2\/3&#8243;][vc_column_text]<\/p>\n<div class=\"wp-block-column grey\">\n<p class=\"has-text-align-center\">\t\n\t<div class=\"wpnawfree-plugin news-clearfix \">\n\n\t\t\n\t\t\t<div id=\"post-8911\" class=\"news type-news news-col-2 wpnaw-news-post wpnaw-first has-no-date\">\n\t\t\t\t<div class=\"news-inner-wrap-view news-clearfix \">\n\n\t\t\t\t\t\t\t\t\t\t<div class=\"news-thumb\">\n\t\t\t\t\t\t\t\t\t\t\t\t\t<div class=\"grid-news-thumb\">\n\t\t\t\t\t\t\t\t<a href=\"https:\/\/co-factor.com\/ro\/news\/descopera-cea-mai-utila-colectie-de-faptedate-hr\/\"><img width=\"768\" height=\"432\" src=\"https:\/\/co-factor.com\/wp-content\/uploads\/2025\/02\/WHITEPAPER-STIATI-CA-768x432.png\" class=\"attachment-medium_large size-medium_large wp-post-image\" alt=\"\" loading=\"lazy\" srcset=\"https:\/\/co-factor.com\/wp-content\/uploads\/2025\/02\/WHITEPAPER-STIATI-CA-768x432.png 768w, https:\/\/co-factor.com\/wp-content\/uploads\/2025\/02\/WHITEPAPER-STIATI-CA-300x169.png 300w, https:\/\/co-factor.com\/wp-content\/uploads\/2025\/02\/WHITEPAPER-STIATI-CA-1024x576.png 1024w, https:\/\/co-factor.com\/wp-content\/uploads\/2025\/02\/WHITEPAPER-STIATI-CA-1536x864.png 1536w, https:\/\/co-factor.com\/wp-content\/uploads\/2025\/02\/WHITEPAPER-STIATI-CA-1x1.png 1w, https:\/\/co-factor.com\/wp-content\/uploads\/2025\/02\/WHITEPAPER-STIATI-CA-10x6.png 10w, https:\/\/co-factor.com\/wp-content\/uploads\/2025\/02\/WHITEPAPER-STIATI-CA.png 1920w\" sizes=\"(max-width: 768px) 100vw, 768px\" \/><\/a>\n\t\t\t\t\t\t\t<\/div>\n\t\t\t\t\t\t\t\t\t\t\t<\/div>\n\t\t\t\t\t\n\t\t\t\t\t<div class=\"news-content\">\n\t\t\t\t\t\t\n\t\t\t\t\t\t\t<div class=\"grid-date-post\">\n\t\t\t\t\t\t\t\t\t\t\t\t\t\t\t\t\t\t\t\t\t\t\t\t\t\t\t\t\t\t\t<\/div>\n\n\t\t\t\t\t\t\n\t\t\t\t\t\t<div class=\"post-content-text\">\n\t\t\t\t\t\t\t<h3 class=\"news-title\"><a href=\"https:\/\/co-factor.com\/ro\/news\/descopera-cea-mai-utila-colectie-de-faptedate-hr\/\" rel=\"bookmark\">Descarc\u0103 cea mai util\u0103 colec\u021bie de fapte&#038;date HR<\/a><\/h3>\t\t\t\t\t\t\t\n\t\t\t\t\t\t\t\t\t\t\t\t\t\t\t<div class=\"news-content-excerpt\">\n\t\t\t\t\t\t\t\t\t\t\t\t\t\t\t\t\t\t\t<div class=\"news-short-content\">\n\t\t\t\t\t\t\t\t\t\t\tProfesioni\u0219tii HR merit\u0103 resurse excelente. Descarc\u0103 whitepaper gratuit cu date relevante pentru gestionarea cu succes a celor mai importante procese organiza\u021bionale: managementul performan\u021bei, comunicarea intern\u0103 \u0219i implicarea angaja\u021bilor.\t\t\t\t\t\t\t\t\t\t<\/div>\n\t\t\t\t\t\t\t\t\t\t\t\t\t\t\t\t\t\t\t<a href=\"https:\/\/co-factor.com\/ro\/news\/descopera-cea-mai-utila-colectie-de-faptedate-hr\/\" class=\"news-more-link\">CITE\u0218TE TOT<\/a>\n\t\t\t\t\t\t\t\t\t\t\t\t\t\t\t\t\t\t\t\t\t\t\t\t\t\t<\/div><!-- .entry-content -->\n\t\t\t\t\t\t\t\t\t\t\t\t\t<\/div>\n\n\t\t\t\t\t<\/div>\n\t\t\t\t<\/div><!-- #post-## -->\n\t\t\t<\/div><!-- #post-## -->\n\t\t\n\t\t\t<div id=\"post-8375\" class=\"news type-news news-col-2 wpnaw-news-post wpnaw-last has-no-date\">\n\t\t\t\t<div class=\"news-inner-wrap-view news-clearfix \">\n\n\t\t\t\t\t\t\t\t\t\t<div class=\"news-thumb\">\n\t\t\t\t\t\t\t\t\t\t\t\t\t<div class=\"grid-news-thumb\">\n\t\t\t\t\t\t\t\t<a href=\"https:\/\/co-factor.com\/ro\/news\/studiu-de-caz-comunicare-engagement\/\"><img width=\"631\" height=\"466\" src=\"https:\/\/co-factor.com\/wp-content\/uploads\/2024\/03\/Screen-Shot-2024-03-15-at-12.37.31-PM.png\" class=\"attachment-medium_large size-medium_large wp-post-image\" alt=\"\" loading=\"lazy\" srcset=\"https:\/\/co-factor.com\/wp-content\/uploads\/2024\/03\/Screen-Shot-2024-03-15-at-12.37.31-PM.png 631w, https:\/\/co-factor.com\/wp-content\/uploads\/2024\/03\/Screen-Shot-2024-03-15-at-12.37.31-PM-300x222.png 300w, https:\/\/co-factor.com\/wp-content\/uploads\/2024\/03\/Screen-Shot-2024-03-15-at-12.37.31-PM-1x1.png 1w, https:\/\/co-factor.com\/wp-content\/uploads\/2024\/03\/Screen-Shot-2024-03-15-at-12.37.31-PM-10x7.png 10w\" sizes=\"(max-width: 631px) 100vw, 631px\" \/><\/a>\n\t\t\t\t\t\t\t<\/div>\n\t\t\t\t\t\t\t\t\t\t\t<\/div>\n\t\t\t\t\t\n\t\t\t\t\t<div class=\"news-content\">\n\t\t\t\t\t\t\n\t\t\t\t\t\t\t<div class=\"grid-date-post\">\n\t\t\t\t\t\t\t\t\t\t\t\t\t\t\t\t\t\t\t\t\t\t\t\t\t\t\t\t\t\t\t<\/div>\n\n\t\t\t\t\t\t\n\t\t\t\t\t\t<div class=\"post-content-text\">\n\t\t\t\t\t\t\t<h3 class=\"news-title\"><a href=\"https:\/\/co-factor.com\/ro\/news\/studiu-de-caz-comunicare-engagement\/\" rel=\"bookmark\">Studiu de caz Comunicare Intern\u0103 \u0219i Engagement Sergiana<\/a><\/h3>\t\t\t\t\t\t\t\n\t\t\t\t\t\t\t\t\t\t\t\t\t\t\t<div class=\"news-content-excerpt\">\n\t\t\t\t\t\t\t\t\t\t\t\t\t\t\t\t\t\t\t<div class=\"news-short-content\">\n\t\t\t\t\t\t\t\t\t\t\tPa\u0306stra\u0306tor al unor tradit\u0326ii locale valoroase, Sergiana se adapteaz\u0103 continuu la exigent\u0326ele i\u0302n cres\u0326tere ale pie\u021bei. \u00cens\u0103 o provocare \u0219i mai mare a fost aceea de a ga\u0306si un ra\u0306spuns i\u0302ntreba\u0306rii \u201eCum sa\u0306 ra\u0306ma\u0302nem unit\u0326i i\u0302n jurul a ceea ce ne-a adus aproape de la i\u0302nceput?\u201d\t\t\t\t\t\t\t\t\t\t<\/div>\n\t\t\t\t\t\t\t\t\t\t\t\t\t\t\t\t\t\t\t<a href=\"https:\/\/co-factor.com\/ro\/news\/studiu-de-caz-comunicare-engagement\/\" class=\"news-more-link\">CITE\u0218TE TOT<\/a>\n\t\t\t\t\t\t\t\t\t\t\t\t\t\t\t\t\t\t\t\t\t\t\t\t\t\t<\/div><!-- .entry-content -->\n\t\t\t\t\t\t\t\t\t\t\t\t\t<\/div>\n\n\t\t\t\t\t<\/div>\n\t\t\t\t<\/div><!-- #post-## -->\n\t\t\t<\/div><!-- #post-## -->\n\t\t\n\t\t\t<div id=\"post-2557\" class=\"news type-news news-col-2 wpnaw-news-post wpnaw-first has-no-date\">\n\t\t\t\t<div class=\"news-inner-wrap-view news-clearfix \">\n\n\t\t\t\t\t\t\t\t\t\t<div class=\"news-thumb\">\n\t\t\t\t\t\t\t\t\t\t\t\t\t<div class=\"grid-news-thumb\">\n\t\t\t\t\t\t\t\t<a href=\"https:\/\/co-factor.com\/ro\/news\/studiu-performance-management\/\"><img width=\"768\" height=\"375\" src=\"https:\/\/co-factor.com\/wp-content\/uploads\/2021\/11\/studiu-de-caz-unicredit2-768x375.png\" class=\"attachment-medium_large size-medium_large wp-post-image\" alt=\"\" loading=\"lazy\" srcset=\"https:\/\/co-factor.com\/wp-content\/uploads\/2021\/11\/studiu-de-caz-unicredit2-768x375.png 768w, https:\/\/co-factor.com\/wp-content\/uploads\/2021\/11\/studiu-de-caz-unicredit2-300x146.png 300w, https:\/\/co-factor.com\/wp-content\/uploads\/2021\/11\/studiu-de-caz-unicredit2-1x1.png 1w, https:\/\/co-factor.com\/wp-content\/uploads\/2021\/11\/studiu-de-caz-unicredit2-10x5.png 10w, https:\/\/co-factor.com\/wp-content\/uploads\/2021\/11\/studiu-de-caz-unicredit2.png 1024w\" sizes=\"(max-width: 768px) 100vw, 768px\" \/><\/a>\n\t\t\t\t\t\t\t<\/div>\n\t\t\t\t\t\t\t\t\t\t\t<\/div>\n\t\t\t\t\t\n\t\t\t\t\t<div class=\"news-content\">\n\t\t\t\t\t\t\n\t\t\t\t\t\t\t<div class=\"grid-date-post\">\n\t\t\t\t\t\t\t\t\t\t\t\t\t\t\t\t\t\t\t\t\t\t\t\t\t\t\t\t\t\t\t<\/div>\n\n\t\t\t\t\t\t\n\t\t\t\t\t\t<div class=\"post-content-text\">\n\t\t\t\t\t\t\t<h3 class=\"news-title\"><a href=\"https:\/\/co-factor.com\/ro\/news\/studiu-performance-management\/\" rel=\"bookmark\">Studiu de Caz Performance Management UniCredit Bank<\/a><\/h3>\t\t\t\t\t\t\t\n\t\t\t\t\t\t\t\t\t\t\t\t\t\t\t<div class=\"news-content-excerpt\">\n\t\t\t\t\t\t\t\t\t\t\t\t\t\t\t\t\t\t\t<div class=\"news-short-content\">\n\t\t\t\t\t\t\t\t\t\t\tProiectul a constat \u00een crearea unei platforme online dedicat\u0103 performan\u021bei \u0219i implic\u0103rii angaja\u021bilor. Scopul final al platformei a fost s\u0103 motiveze performan\u021ba \u0219i s\u0103 duc\u0103 la construirea unei culturi competitive \u0219i colaborative \u00een acela\u0219i timp.  \t\t\t\t\t\t\t\t\t\t<\/div>\n\t\t\t\t\t\t\t\t\t\t\t\t\t\t\t\t\t\t\t<a href=\"https:\/\/co-factor.com\/ro\/news\/studiu-performance-management\/\" class=\"news-more-link\">CITE\u0218TE TOT<\/a>\n\t\t\t\t\t\t\t\t\t\t\t\t\t\t\t\t\t\t\t\t\t\t\t\t\t\t<\/div><!-- .entry-content -->\n\t\t\t\t\t\t\t\t\t\t\t\t\t<\/div>\n\n\t\t\t\t\t<\/div>\n\t\t\t\t<\/div><!-- #post-## -->\n\t\t\t<\/div><!-- #post-## -->\n\t\t\n\t\t\t<div id=\"post-2556\" class=\"news type-news news-col-2 wpnaw-news-post wpnaw-last has-no-date\">\n\t\t\t\t<div class=\"news-inner-wrap-view news-clearfix \">\n\n\t\t\t\t\t\t\t\t\t\t<div class=\"news-thumb\">\n\t\t\t\t\t\t\t\t\t\t\t\t\t<div class=\"grid-news-thumb\">\n\t\t\t\t\t\t\t\t<a href=\"https:\/\/co-factor.com\/ro\/news\/arval-case-study\/\"><img width=\"768\" height=\"375\" src=\"https:\/\/co-factor.com\/wp-content\/uploads\/2021\/11\/case-study-arval2-768x375.png\" class=\"attachment-medium_large size-medium_large wp-post-image\" alt=\"\" loading=\"lazy\" srcset=\"https:\/\/co-factor.com\/wp-content\/uploads\/2021\/11\/case-study-arval2-768x375.png 768w, https:\/\/co-factor.com\/wp-content\/uploads\/2021\/11\/case-study-arval2-300x146.png 300w, https:\/\/co-factor.com\/wp-content\/uploads\/2021\/11\/case-study-arval2-1x1.png 1w, https:\/\/co-factor.com\/wp-content\/uploads\/2021\/11\/case-study-arval2-10x5.png 10w, https:\/\/co-factor.com\/wp-content\/uploads\/2021\/11\/case-study-arval2.png 1024w\" sizes=\"(max-width: 768px) 100vw, 768px\" \/><\/a>\n\t\t\t\t\t\t\t<\/div>\n\t\t\t\t\t\t\t\t\t\t\t<\/div>\n\t\t\t\t\t\n\t\t\t\t\t<div class=\"news-content\">\n\t\t\t\t\t\t\n\t\t\t\t\t\t\t<div class=\"grid-date-post\">\n\t\t\t\t\t\t\t\t\t\t\t\t\t\t\t\t\t\t\t\t\t\t\t\t\t\t\t\t\t\t\t<\/div>\n\n\t\t\t\t\t\t\n\t\t\t\t\t\t<div class=\"post-content-text\">\n\t\t\t\t\t\t\t<h3 class=\"news-title\"><a href=\"https:\/\/co-factor.com\/ro\/news\/arval-case-study\/\" rel=\"bookmark\">Studiu de Caz Performance Management Arval<\/a><\/h3>\t\t\t\t\t\t\t\n\t\t\t\t\t\t\t\t\t\t\t\t\t\t\t<div class=\"news-content-excerpt\">\n\t\t\t\t\t\t\t\t\t\t\t\t\t\t\t\t\t\t\t<div class=\"news-short-content\">\n\t\t\t\t\t\t\t\t\t\t\tImplementarea unui sistem interactiv de management al performan\u021bei\u00a0\u0219i alinierea \u00eentregii organiza\u021bii la ADN-ul Arval. Juc\u0103tor de top pe pia\u021ba leasingului opera\u021bional, Arval prezenta un melanj cultural\u00a0interesant, cu o ampl\u0103 dimensiune informal\u0103, cu angaja\u021bi valoro\u0219i \u00een sine\t\t\t\t\t\t\t\t\t\t<\/div>\n\t\t\t\t\t\t\t\t\t\t\t\t\t\t\t\t\t\t\t<a href=\"https:\/\/co-factor.com\/ro\/news\/arval-case-study\/\" class=\"news-more-link\">CITE\u0218TE TOT<\/a>\n\t\t\t\t\t\t\t\t\t\t\t\t\t\t\t\t\t\t\t\t\t\t\t\t\t\t<\/div><!-- .entry-content -->\n\t\t\t\t\t\t\t\t\t\t\t\t\t<\/div>\n\n\t\t\t\t\t<\/div>\n\t\t\t\t<\/div><!-- #post-## -->\n\t\t\t<\/div><!-- #post-## -->\n\t\t\n\t\t\t<div id=\"post-2292\" class=\"news type-news news-col-2 wpnaw-news-post wpnaw-first has-no-date\">\n\t\t\t\t<div class=\"news-inner-wrap-view news-clearfix \">\n\n\t\t\t\t\t\t\t\t\t\t<div class=\"news-thumb\">\n\t\t\t\t\t\t\t\t\t\t\t\t\t<div class=\"grid-news-thumb\">\n\t\t\t\t\t\t\t\t<a href=\"https:\/\/co-factor.com\/ro\/news\/caroli-case-study\/\"><img width=\"768\" height=\"375\" src=\"https:\/\/co-factor.com\/wp-content\/uploads\/2021\/11\/icaroli-2-768x375.png\" class=\"attachment-medium_large size-medium_large wp-post-image\" alt=\"\" loading=\"lazy\" srcset=\"https:\/\/co-factor.com\/wp-content\/uploads\/2021\/11\/icaroli-2-768x375.png 768w, https:\/\/co-factor.com\/wp-content\/uploads\/2021\/11\/icaroli-2-300x146.png 300w, https:\/\/co-factor.com\/wp-content\/uploads\/2021\/11\/icaroli-2-1x1.png 1w, https:\/\/co-factor.com\/wp-content\/uploads\/2021\/11\/icaroli-2-10x5.png 10w, https:\/\/co-factor.com\/wp-content\/uploads\/2021\/11\/icaroli-2.png 1024w\" sizes=\"(max-width: 768px) 100vw, 768px\" \/><\/a>\n\t\t\t\t\t\t\t<\/div>\n\t\t\t\t\t\t\t\t\t\t\t<\/div>\n\t\t\t\t\t\n\t\t\t\t\t<div class=\"news-content\">\n\t\t\t\t\t\t\n\t\t\t\t\t\t\t<div class=\"grid-date-post\">\n\t\t\t\t\t\t\t\t\t\t\t\t\t\t\t\t\t\t\t\t\t\t\t\t\t\t\t\t\t\t\t<\/div>\n\n\t\t\t\t\t\t\n\t\t\t\t\t\t<div class=\"post-content-text\">\n\t\t\t\t\t\t\t<h3 class=\"news-title\"><a href=\"https:\/\/co-factor.com\/ro\/news\/caroli-case-study\/\" rel=\"bookmark\">Studiu de Caz Inovare Caroli<\/a><\/h3>\t\t\t\t\t\t\t\n\t\t\t\t\t\t\t\t\t\t\t\t\t\t\t<div class=\"news-content-excerpt\">\n\t\t\t\t\t\t\t\t\t\t\t\t\t\t\t\t\t\t\t<div class=\"news-short-content\">\n\t\t\t\t\t\t\t\t\t\t\tImplementarea platformei de inovare \u00een Caroli, pentru a\u00a0crea valoare tangibil\u0103 pentru business. Cea mai mare povocare a fost s\u0103 debloc\u0103m poten\u021bialul creativ al angaja\u021bilor \u0219i s\u0103 dep\u0103\u0219im barierele interne, pentru a elibera \ufb02uxul de idei. \t\t\t\t\t\t\t\t\t\t<\/div>\n\t\t\t\t\t\t\t\t\t\t\t\t\t\t\t\t\t\t\t<a href=\"https:\/\/co-factor.com\/ro\/news\/caroli-case-study\/\" class=\"news-more-link\">CITE\u0218TE TOT<\/a>\n\t\t\t\t\t\t\t\t\t\t\t\t\t\t\t\t\t\t\t\t\t\t\t\t\t\t<\/div><!-- .entry-content -->\n\t\t\t\t\t\t\t\t\t\t\t\t\t<\/div>\n\n\t\t\t\t\t<\/div>\n\t\t\t\t<\/div><!-- #post-## -->\n\t\t\t<\/div><!-- #post-## -->\n\t\t\n\t\t\t<div id=\"post-2293\" class=\"news type-news news-col-2 wpnaw-news-post wpnaw-last has-no-date\">\n\t\t\t\t<div class=\"news-inner-wrap-view news-clearfix \">\n\n\t\t\t\t\t\t\t\t\t\t<div class=\"news-thumb\">\n\t\t\t\t\t\t\t\t\t\t\t\t\t<div class=\"grid-news-thumb\">\n\t\t\t\t\t\t\t\t<a href=\"https:\/\/co-factor.com\/ro\/news\/flanco-case-study\/\"><img width=\"768\" height=\"375\" src=\"https:\/\/co-factor.com\/wp-content\/uploads\/2021\/11\/case-study-flanco2-768x375.png\" class=\"attachment-medium_large size-medium_large wp-post-image\" alt=\"\" loading=\"lazy\" srcset=\"https:\/\/co-factor.com\/wp-content\/uploads\/2021\/11\/case-study-flanco2-768x375.png 768w, https:\/\/co-factor.com\/wp-content\/uploads\/2021\/11\/case-study-flanco2-300x146.png 300w, https:\/\/co-factor.com\/wp-content\/uploads\/2021\/11\/case-study-flanco2-1x1.png 1w, https:\/\/co-factor.com\/wp-content\/uploads\/2021\/11\/case-study-flanco2-10x5.png 10w, https:\/\/co-factor.com\/wp-content\/uploads\/2021\/11\/case-study-flanco2.png 1024w\" sizes=\"(max-width: 768px) 100vw, 768px\" \/><\/a>\n\t\t\t\t\t\t\t<\/div>\n\t\t\t\t\t\t\t\t\t\t\t<\/div>\n\t\t\t\t\t\n\t\t\t\t\t<div class=\"news-content\">\n\t\t\t\t\t\t\n\t\t\t\t\t\t\t<div class=\"grid-date-post\">\n\t\t\t\t\t\t\t\t\t\t\t\t\t\t\t\t\t\t\t\t\t\t\t\t\t\t\t\t\t\t\t<\/div>\n\n\t\t\t\t\t\t\n\t\t\t\t\t\t<div class=\"post-content-text\">\n\t\t\t\t\t\t\t<h3 class=\"news-title\"><a href=\"https:\/\/co-factor.com\/ro\/news\/flanco-case-study\/\" rel=\"bookmark\">Studiu de Caz Performance Management Flanco<\/a><\/h3>\t\t\t\t\t\t\t\n\t\t\t\t\t\t\t\t\t\t\t\t\t\t\t<div class=\"news-content-excerpt\">\n\t\t\t\t\t\t\t\t\t\t\t\t\t\t\t\t\t\t\t<div class=\"news-short-content\">\n\t\t\t\t\t\t\t\t\t\t\tImplementarea unui sistem integrat de management al performan\u021bei pentru for\u021ba de v\u00e2nz\u0103ri, care s\u0103 \u00eembine procesele desf\u0103\u0219urate online cu cele o\ufb04ine. Transformarea performan\u021bei \u00eentr-un scop tangibil \u0219i implementarea\u00a0unui proces de m\u0103surare a performan\u021bei \u00een timp real.\t\t\t\t\t\t\t\t\t\t<\/div>\n\t\t\t\t\t\t\t\t\t\t\t\t\t\t\t\t\t\t\t<a href=\"https:\/\/co-factor.com\/ro\/news\/flanco-case-study\/\" class=\"news-more-link\">CITE\u0218TE TOT<\/a>\n\t\t\t\t\t\t\t\t\t\t\t\t\t\t\t\t\t\t\t\t\t\t\t\t\t\t<\/div><!-- .entry-content -->\n\t\t\t\t\t\t\t\t\t\t\t\t\t<\/div>\n\n\t\t\t\t\t<\/div>\n\t\t\t\t<\/div><!-- #post-## -->\n\t\t\t<\/div><!-- #post-## -->\n\t\t\t<\/div>\n<\/div>\n<p>[\/vc_column_text][\/vc_column][vc_column width=&#8221;1\/6&#8243;][\/vc_column][\/vc_row][\/vc_section][vc_row full_width=&#8221;stretch_row_content_no_spaces&#8221; full_height=&#8221;yes&#8221; css_animation=&#8221;top-to-bottom&#8221; _et_uniqid=&#8221;et_custom_uniqid_new_61c44d4ae4374&#8243; css=&#8221;.vc_custom_1640254798581{margin-top: 0px !important;margin-bottom: -69px !important;background-image: url(http:\/\/co-factor.com\/wp-content\/uploads\/2021\/11\/bg_newsletter.png?id=3237) !important;background-position: center !important;background-repeat: no-repeat !important;background-size: contain !important;}&#8221; el_id=&#8221;sect-newsletter&#8221;][vc_column width=&#8221;1\/6&#8243;][\/vc_column][vc_column width=&#8221;2\/3&#8243;][vc_column_text css_animation=&#8221;appear&#8221;]<\/p>\n<div class=\"wpb_text_column wpb_content_element wpb_animate_when_almost_visible wpb_appear appear wpb_start_animation animated\">\n<div class=\"wpb_wrapper\">\n<h3 class=\"homepage-title-h3\">C\u00e2nd angaja\u021bii au succes, companiile prosper\u0103<\/h3>\n<\/div>\n<\/div>\n<p>[\/vc_column_text][vc_column_text]<\/p>\n<div class=\"wpb_text_column wpb_content_element wpb_animate_when_almost_visible wpb_appear appear wpb_start_animation animated\">\n<div class=\"wpb_wrapper\">\n<p class=\"homepage-text-24\">Aboneaz\u0103-te la Newsletter \u0219i fii la curent<br \/>\ncu cele mai noi tendin\u021be \u00een HR!<\/p>\n<\/div>\n<\/div>\n<p>[\/vc_column_text][vc_column_text]<script>(function() {\n\twindow.mc4wp = window.mc4wp || {\n\t\tlisteners: [],\n\t\tforms: {\n\t\t\ton: function(evt, cb) {\n\t\t\t\twindow.mc4wp.listeners.push(\n\t\t\t\t\t{\n\t\t\t\t\t\tevent   : evt,\n\t\t\t\t\t\tcallback: cb\n\t\t\t\t\t}\n\t\t\t\t);\n\t\t\t}\n\t\t}\n\t}\n})();\n<\/script><!-- Mailchimp for WordPress v4.8.6 - https:\/\/wordpress.org\/plugins\/mailchimp-for-wp\/ --><form id=\"mc4wp-form-1\" class=\"mc4wp-form mc4wp-form-362\" method=\"post\" data-id=\"362\" data-name=\"Form\" ><div class=\"mc4wp-form-fields\"><div>\r\n    <p style=\"text-align:center;\">\r\n\t<input type=\"email\" name=\"EMAIL\" placeholder=\"your email address\" required class=\"newsletter-input-box input-inline\"\/>\r\n    <input type=\"submit\" value=\"Subscribe\" class=\"input-inline btn-subscribe\" \/>\r\n    <\/p><p style=\"text-align:center;\">\r\n    <label>\r\n        <input name=\"AGREE_TO_TERMS\" type=\"checkbox\" value=\"1\" required=\"\" checked> <a href=\"https:\/\/co-factor.com\/privacy-policy\/\" target=\"_blank\">By subscribing to this newsletter I agree to the Terms of use and Privacy Policy.<\/a>\r\n    <\/label>\r\n<\/p>\r\n\r\n<\/div><\/div><label style=\"display: none !important;\">Leave this field empty if you're human: <input type=\"text\" name=\"_mc4wp_honeypot\" value=\"\" tabindex=\"-1\" autocomplete=\"off\" \/><\/label><input type=\"hidden\" name=\"_mc4wp_timestamp\" value=\"1776041411\" \/><input type=\"hidden\" name=\"_mc4wp_form_id\" value=\"362\" \/><input type=\"hidden\" name=\"_mc4wp_form_element_id\" value=\"mc4wp-form-1\" \/><div class=\"mc4wp-response\"><\/div><\/form><!-- \/ Mailchimp for WordPress Plugin -->[\/vc_column_text][\/vc_column][vc_column width=&#8221;1\/6&#8243;][\/vc_column][\/vc_row]<\/p>\n","protected":false},"excerpt":{"rendered":"<p>[vc_row full_width=&#8221;stretch_row_content&#8221; css_animation=&#8221;none&#8221; background_position=&#8221;center&#8221; animation_in_type=&#8221;transition.expandIn&#8221; animation_in_offset=&#8221;100&#8243; animation_in_duration=&#8221;300&#8243; animation_in_delay=&#8221;0&#8243; css=&#8221;.vc_custom_1636010537175{margin-top: &#8230;<\/p>\n","protected":false},"author":1,"featured_media":0,"parent":0,"menu_order":0,"comment_status":"closed","ping_status":"closed","template":"","meta":{"inline_featured_image":false},"translation":{"provider":"WPGlobus","version":"2.8.10","language":"ro","enabled_languages":["en","ro"],"languages":{"en":{"title":true,"content":true,"excerpt":true},"ro":{"title":true,"content":true,"excerpt":true}}},"_links":{"self":[{"href":"https:\/\/co-factor.com\/ro\/wp-json\/wp\/v2\/pages\/2273"}],"collection":[{"href":"https:\/\/co-factor.com\/ro\/wp-json\/wp\/v2\/pages"}],"about":[{"href":"https:\/\/co-factor.com\/ro\/wp-json\/wp\/v2\/types\/page"}],"author":[{"embeddable":true,"href":"https:\/\/co-factor.com\/ro\/wp-json\/wp\/v2\/users\/1"}],"replies":[{"embeddable":true,"href":"https:\/\/co-factor.com\/ro\/wp-json\/wp\/v2\/comments?post=2273"}],"version-history":[{"count":1,"href":"https:\/\/co-factor.com\/ro\/wp-json\/wp\/v2\/pages\/2273\/revisions"}],"predecessor-version":[{"id":8372,"href":"https:\/\/co-factor.com\/ro\/wp-json\/wp\/v2\/pages\/2273\/revisions\/8372"}],"wp:attachment":[{"href":"https:\/\/co-factor.com\/ro\/wp-json\/wp\/v2\/media?parent=2273"}],"curies":[{"name":"wp","href":"https:\/\/api.w.org\/{rel}","templated":true}]}}