{"id":169,"date":"2021-05-30T14:04:38","date_gmt":"2021-05-30T14:04:38","guid":{"rendered":"https:\/\/xstore.8theme.com\/elementor\/demos\/real-estate\/?page_id=169"},"modified":"2022-01-14T09:25:30","modified_gmt":"2022-01-14T09:25:30","slug":"contact","status":"publish","type":"page","link":"https:\/\/co-factor.com\/ro\/contact\/","title":{"rendered":"Contact"},"content":{"rendered":"<p>[vc_row full_width=&#8221;stretch_row_content&#8221; full_height=&#8221;yes&#8221; columns_placement=&#8221;top&#8221; equal_height=&#8221;yes&#8221; content_placement=&#8221;top&#8221; css_animation=&#8221;none&#8221; background_position=&#8221;right&#8221; animation_in_type=&#8221;transition.expandIn&#8221; animation_in_offset=&#8221;100&#8243; animation_in_duration=&#8221;300&#8243; animation_in_delay=&#8221;0&#8243; css=&#8221;.vc_custom_1638831601672{padding-bottom: 331px !important;background-image: url(http:\/\/co-factor.com\/wp-content\/uploads\/2021\/11\/bg_1_transparent.png?id=2106) !important;background-position: 0 0 !important;background-repeat: no-repeat !important;}&#8221; _et_uniqid=&#8221;et_custom_uniqid_new_61ae95ee41831&#8243; el_id=&#8221;sect-contact-header&#8221;][vc_column width=&#8221;1\/6&#8243; _et_uniqid=&#8221;et_custom_uniqid_new_617fdaece70ec&#8221;][\/vc_column][vc_column width=&#8221;1\/3&#8243; _et_uniqid=&#8221;et_custom_uniqid_new_617fdae26a17c&#8221;][vc_column_text css_animation=&#8221;slideInDown&#8221; css=&#8221;.vc_custom_1638831332878{margin-top: 60px !important;}&#8221;]<\/p>\n<p class=\"hometext\"><strong>Contacteaz\u0103-ne<\/strong><\/p>\n<p>[\/vc_column_text][vc_column_text css_animation=&#8221;slideInDown&#8221;]<\/p>\n<p class=\"smallhomepagetext\">Ne bucur\u0103m oric\u00e2nd s\u0103 primim mesajul t\u0103u, fie c\u0103 vrei s\u0103 afli mai multe despre produsele pe care le oferim, fie c\u0103 ai \u00eentreb\u0103ri legate de solu\u021biile noastre sau, pur \u0219i simplu, vrei s\u0103 ne spui p\u0103rerea ta!<\/p>\n<p>[\/vc_column_text]\r\n        <div class=\"et-follow-buttons buttons-size-large justify-content-start follow-900\">\r\n\r\n                                    <a href=\"https:\/\/www.facebook.com\/CoFactorRO\" class=\"follow-facebook\" target=\"_blank\" rel=\"nofollow\">\r\n                            <i class=\"et-icon et-facebook\"><\/i>\r\n                                                            <span class=\"screen-reader-text\">Facebook<\/span>\r\n                                                    <\/a>\r\n                                            <a href=\"https:\/\/www.linkedin.com\/company\/co-factor\" class=\"follow-linkedin\" target=\"_blank\" rel=\"nofollow\">\r\n                            <i class=\"et-icon et-linkedin\"><\/i>\r\n                                                            <span class=\"screen-reader-text\">Linkedin<\/span>\r\n                                                    <\/a>\r\n                    \r\n        <\/div>\r\n\r\n        [vc_separator color=&#8221;custom&#8221; accent_color=&#8221;#15222b&#8221; css=&#8221;.vc_custom_1636379945296{margin-top: 25px !important;}&#8221;][vc_column_text css_animation=&#8221;top-to-bottom&#8221;]<\/p>\n<p class=\"hometext-2\"><strong>Ne g\u0103se\u0219ti \u0219i aici<\/strong><\/p>\n<p>[\/vc_column_text][vc_column_text css_animation=&#8221;top-to-bottom&#8221; css=&#8221;.vc_custom_1642150628503{margin-top: 0px !important;padding-top: 0px !important;}&#8221;]<\/p>\n<p class=\"smallhomepagetext\"><a href=\"tel:0745-121-200\">+40 745 12 12 00<\/a><br \/>\n<a href=\"mailto:contact@co-factor.ro\">contact@co-factor.ro<\/a><br \/>\nBulevardul Prim\u0103verii, nr. 51, 011973, Sector 1, Bucure\u0219ti<\/p>\n<p>[\/vc_column_text][vc_row_inner][vc_column_inner offset=&#8221;vc_hidden-lg vc_hidden-md&#8221; _et_uniqid=&#8221;et_custom_uniqid_new_619f8b6c2b702&#8243;]<div id=\"cf7_2_post_8623905806\" class=\"cf7_2_post cf7_form_3589\"><div role=\"form\" class=\"wpcf7\" id=\"wpcf7-f3589-o1\" lang=\"en-US\" dir=\"ltr\">\n<div class=\"screen-reader-response\"><p role=\"status\" aria-live=\"polite\" aria-atomic=\"true\"><\/p> <ul><\/ul><\/div>\n<form action=\"\/ro\/wp-json\/wp\/v2\/pages\/169#wpcf7-f3589-o1\" method=\"post\" class=\"wpcf7-form init mailchimp-ext-0.5.54\" novalidate=\"novalidate\" data-status=\"init\">\n<div style=\"display: none;\">\n<input type=\"hidden\" name=\"_wpcf7\" value=\"3589\" \/>\n<input type=\"hidden\" name=\"_wpcf7_version\" value=\"5.5.3\" \/>\n<input type=\"hidden\" name=\"_wpcf7_locale\" value=\"en_US\" \/>\n<input type=\"hidden\" name=\"_wpcf7_unit_tag\" value=\"wpcf7-f3589-o1\" \/>\n<input type=\"hidden\" name=\"_wpcf7_container_post\" value=\"0\" \/>\n<input type=\"hidden\" name=\"_wpcf7_posted_data_hash\" value=\"\" \/>\n<input type=\"hidden\" name=\"_map_author\" value=\"1\" \/>\n<input type=\"hidden\" name=\"_wpcf7_recaptcha_response\" value=\"\" \/>\n<\/div>\n<div class=\"row\">\n<div class=\"col-md-12\">\n<h3 class=\"contact-title-h3\">Contacteaz\u0103-ne<\/h3>\n<\/div>\n<\/div>\n<div class=\"row mg-top-20\">\n<div class=\"col-md-12\">\n<p class=\"contact-title-p\">Nume<\/p>\n<\/div>\n<div class=\"col-md-12\">\n      <span class=\"wpcf7-form-control-wrap your-first-name\"><input type=\"text\" name=\"your-first-name\" value=\"\" size=\"40\" class=\"wpcf7-form-control wpcf7-text wpcf7-validates-as-required\" aria-required=\"true\" aria-invalid=\"false\" placeholder=\"Nume\" \/><\/span>\n   <\/div>\n<\/div>\n<div class=\"row mg-top-20\">\n<div class=\"col-md-12\">\n<p class=\"contact-title-p\">Prenume<\/p>\n<\/div>\n<div class=\"col-md-12\">\n      <span class=\"wpcf7-form-control-wrap your-last-name\"><input type=\"text\" name=\"your-last-name\" value=\"\" size=\"40\" class=\"wpcf7-form-control wpcf7-text wpcf7-validates-as-required\" aria-required=\"true\" aria-invalid=\"false\" placeholder=\"Prenume\" \/><\/span>\n   <\/div>\n<\/div>\n<div class=\"row mg-top-20\">\n<div class=\"col-md-12\">\n<p class=\"contact-title-p\">Email<\/p>\n<\/div>\n<div class=\"col-md-12\">\n      <span class=\"wpcf7-form-control-wrap your-email\"><input type=\"email\" name=\"your-email\" value=\"\" size=\"40\" class=\"wpcf7-form-control wpcf7-text wpcf7-email wpcf7-validates-as-required wpcf7-validates-as-email\" aria-required=\"true\" aria-invalid=\"false\" placeholder=\"Email business\" \/><\/span>\n   <\/div>\n<\/div>\n<div class=\"row mg-top-20\">\n<div class=\"col-md-12\">\n<p class=\"contact-title-p\">Companie<\/p>\n<\/div>\n<div class=\"col-md-12\">\n      <span class=\"wpcf7-form-control-wrap your-company-name\"><input type=\"text\" name=\"your-company-name\" value=\"\" size=\"40\" class=\"wpcf7-form-control wpcf7-text wpcf7-validates-as-required\" aria-required=\"true\" aria-invalid=\"false\" placeholder=\"Nume companie\" \/><\/span>\n   <\/div>\n<\/div>\n<div class=\"row mg-top-20\">\n<div class=\"col-md-12\">\n<p class=\"contact-title-p\">Cum te putem ajuta<\/p>\n<\/div>\n<\/div>\n<div class=\"row\">\n<div class=\"col-md-12\">\n      <span class=\"wpcf7-form-control-wrap your-message\"><input type=\"text\" name=\"your-message\" value=\"\" size=\"40\" class=\"wpcf7-form-control wpcf7-text wpcf7-validates-as-required\" aria-required=\"true\" aria-invalid=\"false\" placeholder=\"Vom reveni cu un r\u0103spuns c\u00e2t de cur\u00e2nd posibil.\" \/><\/span>\n   <\/div>\n<\/div>\n<div class=\"row mg-top-20\">\n<div class=\"col-md-12\">\n      <input type=\"submit\" value=\"Trimite\" class=\"wpcf7-form-control has-spinner wpcf7-submit\" \/>\n   <\/div>\n<\/div>\n<div class=\"row mg-top-20\">\n<div class=\"col-md-12\">\n<p class=\"contact-title-p\">E necesar s\u0103 accep\u021bi prima bifa pentru a continua<\/p>\n<\/div>\n<\/div>\n<div class=\"row mg-top-20\">\n<div class=\"col-md-12\">       <span class=\"wpcf7-form-control-wrap acceptance-307\"><span class=\"wpcf7-form-control wpcf7-acceptance\"><span class=\"wpcf7-list-item\"><label><input type=\"checkbox\" name=\"acceptance-307\" value=\"1\" aria-invalid=\"false\" \/><span class=\"wpcf7-list-item-label\">Prin transmiterea formularului admit c\u0103 am citit \n      \u0219i sunt de acord cu <a href=\"http:\/\/co-factor.com\/ro\/terms-and-conditions\/\"target=\"_blank\">Termenii site-ului<\/a> and <a href=\"http:\/\/co-factor.com\/ro\/privacy-policy\/\"target=\"_blank\">Politica de Confiden\u021bialitate<\/a>.<\/span><\/label><\/span><\/span><\/span>    <\/div>\n<div class=\"col-md-12\">       <span class=\"wpcf7-form-control-wrap acceptance-308\"><span class=\"wpcf7-form-control wpcf7-acceptance optional\"><span class=\"wpcf7-list-item\"><label><input type=\"checkbox\" name=\"acceptance-308\" value=\"1\" aria-invalid=\"false\" \/><span class=\"wpcf7-list-item-label\">Sunt de acord s\u0103 primesc comunic\u0103ri de marketing de la Co-Factor.<\/span><\/label><\/span><\/span><\/span>\n   <\/div>\n<\/div>\n<div class=\"wpcf7-response-output\" aria-hidden=\"true\"><\/div><p style=\"display: none !important\"><span class=\"wpcf7-form-control-wrap referer-page\"><input type=\"hidden\" name=\"referer-page\" value=\"http:\/\/Direct%20Visit\" data-value=\"http:\/\/Direct%20Visit\" class=\"wpcf7-form-control wpcf7-text referer-page\" aria-invalid=\"false\"><\/span><\/p>\n<!-- Chimpmail extension by Renzo Johnson --><\/form><\/div>\n<\/div>[\/vc_column_inner][\/vc_row_inner][\/vc_column][vc_column width=&#8221;1\/2&#8243; offset=&#8221;vc_hidden-sm vc_hidden-xs&#8221; _et_uniqid=&#8221;et_custom_uniqid_new_619f8b7624853&#8243;][vc_column_text css_animation=&#8221;right-to-left&#8221;]<\/p>\n<div>\n<div class=\"background-image-cf\"><img class=\"alignnone size-full wp-image-2404\" src=\"http:\/\/co-factor.com\/wp-content\/uploads\/2021\/11\/cf-bg.png\" alt=\"\" \/><\/div>\n<div class=\"background-cf\"><div role=\"form\" class=\"wpcf7\" id=\"wpcf7-f3538-o2\" lang=\"en-US\" dir=\"ltr\">\n<div class=\"screen-reader-response\"><p role=\"status\" aria-live=\"polite\" aria-atomic=\"true\"><\/p> <ul><\/ul><\/div>\n<form action=\"\/ro\/wp-json\/wp\/v2\/pages\/169#wpcf7-f3538-o2\" method=\"post\" class=\"wpcf7-form init mailchimp-ext-0.5.54\" novalidate=\"novalidate\" data-status=\"init\">\n<div style=\"display: none;\">\n<input type=\"hidden\" name=\"_wpcf7\" value=\"3538\" \/>\n<input type=\"hidden\" name=\"_wpcf7_version\" value=\"5.5.3\" \/>\n<input type=\"hidden\" name=\"_wpcf7_locale\" value=\"en_US\" \/>\n<input type=\"hidden\" name=\"_wpcf7_unit_tag\" value=\"wpcf7-f3538-o2\" \/>\n<input type=\"hidden\" name=\"_wpcf7_container_post\" value=\"0\" \/>\n<input type=\"hidden\" name=\"_wpcf7_posted_data_hash\" value=\"\" \/>\n<input type=\"hidden\" name=\"_map_author\" value=\"1\" \/>\n<input type=\"hidden\" name=\"_wpcf7_recaptcha_response\" value=\"\" \/>\n<\/div>\n<div class=\"row\">\n<div class=\"col-md-12\">\n<h3 class=\"contact-title-h3\">Contacteaz\u0103-ne<\/h3>\n<\/div>\n<\/div>\n<div class=\"row mg-top-20\">\n<div class=\"col-md-12\">\n<p class=\"contact-title-p\">Nume<\/p>\n<\/div>\n<\/div>\n<div class=\"row\">\n<div class=\"col-md-6\">\n      <span class=\"wpcf7-form-control-wrap your-first-name\"><input type=\"text\" name=\"your-first-name\" value=\"\" size=\"40\" class=\"wpcf7-form-control wpcf7-text wpcf7-validates-as-required\" aria-required=\"true\" aria-invalid=\"false\" placeholder=\"Prenume\" \/><\/span>\n   <\/div>\n<div class=\"col-md-6\">\n      <span class=\"wpcf7-form-control-wrap your-last-name\"><input type=\"text\" name=\"your-last-name\" value=\"\" size=\"40\" class=\"wpcf7-form-control wpcf7-text wpcf7-validates-as-required\" aria-required=\"true\" aria-invalid=\"false\" placeholder=\"Nume\" \/><\/span>\n   <\/div>\n<\/div>\n<div class=\"row mg-top-20\">\n<div class=\"col-md-6\">\n<p class=\"contact-title-p\">Email<\/p>\n<\/div>\n<div class=\"col-md-6\">\n<p class=\"contact-title-p\">Companie<\/p>\n<\/div>\n<\/div>\n<div class=\"row\">\n<div class=\"col-md-6\">\n      <span class=\"wpcf7-form-control-wrap your-email\"><input type=\"email\" name=\"your-email\" value=\"\" size=\"40\" class=\"wpcf7-form-control wpcf7-text wpcf7-email wpcf7-validates-as-required wpcf7-validates-as-email\" aria-required=\"true\" aria-invalid=\"false\" placeholder=\"E-mail business\" \/><\/span>\n   <\/div>\n<div class=\"col-md-6\">\n      <span class=\"wpcf7-form-control-wrap your-company-name\"><input type=\"text\" name=\"your-company-name\" value=\"\" size=\"40\" class=\"wpcf7-form-control wpcf7-text wpcf7-validates-as-required\" aria-required=\"true\" aria-invalid=\"false\" placeholder=\"Companie\" \/><\/span>\n   <\/div>\n<\/div>\n<div class=\"row mg-top-20\">\n<div class=\"col-md-12\">\n<p class=\"contact-title-p\">Descrie-ne cum te putem sprijini<\/p>\n<\/div>\n<\/div>\n<div class=\"row\">\n<div class=\"col-md-12\">\n      <span class=\"wpcf7-form-control-wrap your-message\"><input type=\"text\" name=\"your-message\" value=\"\" size=\"40\" class=\"wpcf7-form-control wpcf7-text wpcf7-validates-as-required\" aria-required=\"true\" aria-invalid=\"false\" placeholder=\"Vom reveni cu un r\u0103spuns c\u00e2t de cur\u00e2nd posibil.\" \/><\/span>\n   <\/div>\n<\/div>\n<div class=\"row mg-top-20\">\n<div class=\"col-md-12\">\n      <input type=\"submit\" value=\"Trimite Mesajul\" class=\"wpcf7-form-control has-spinner wpcf7-submit\" \/>\n   <\/div>\n<\/div>\n<div class=\"row mg-top-20\">\n<div class=\"col-md-12\">\n<p class=\"contact-title-p\">E necesar s\u0103 accep\u021bi prima bifa pentru a continua<\/p>\n<\/div>\n<\/div>\n<div class=\"row mg-top-20\">\n<div class=\"col-md-12\">\n       <span class=\"wpcf7-form-control-wrap acceptance-307\"><span class=\"wpcf7-form-control wpcf7-acceptance\"><span class=\"wpcf7-list-item\"><label><input type=\"checkbox\" name=\"acceptance-307\" value=\"1\" aria-invalid=\"false\" \/><span class=\"wpcf7-list-item-label\">Prin transmiterea formularului admit c\u0103 am citit \u0219i sunt de acord cu <a href=\"http:\/\/co-factor.com\/ro\/terms-and-conditions\/\"target=\"_blank\">Termenii site-ului<\/a> and <a href=\"http:\/\/co-factor.com\/ro\/privacy-policy\/\"target=\"_blank\">Politica de Confiden\u021bialitate<\/a>.<\/span><\/label><\/span><\/span><\/span><\/div>\n<div class=\"col-md-12\">\n       <span class=\"wpcf7-form-control-wrap acceptance-308\"><span class=\"wpcf7-form-control wpcf7-acceptance optional\"><span class=\"wpcf7-list-item\"><label><input type=\"checkbox\" name=\"acceptance-308\" value=\"1\" aria-invalid=\"false\" \/><span class=\"wpcf7-list-item-label\">Sunt de acord s\u0103 primesc comunic\u0103ri de marketing de la Co-Factor.<\/span><\/label><\/span><\/span><\/span><\/div>\n<\/div>\n<div class=\"wpcf7-response-output\" aria-hidden=\"true\"><\/div><p style=\"display: none !important\"><span class=\"wpcf7-form-control-wrap referer-page\"><input type=\"hidden\" name=\"referer-page\" value=\"http:\/\/Direct%20Visit\" data-value=\"http:\/\/Direct%20Visit\" class=\"wpcf7-form-control wpcf7-text referer-page\" aria-invalid=\"false\"><\/span><\/p>\n<!-- Chimpmail extension by Renzo Johnson --><\/form><\/div><\/div>\n<\/div>\n<p>[\/vc_column_text][\/vc_column][\/vc_row][vc_row full_width=&#8221;stretch_row_content_no_spaces&#8221; _et_uniqid=&#8221;et_custom_uniqid_new_619b6ae160a53&#8243; css=&#8221;.vc_custom_1637575405267{margin-top: -60px !important;margin-bottom: -120px !important;}&#8221;][vc_column width=&#8221;1\/6&#8243;][\/vc_column][vc_column width=&#8221;2\/3&#8243;][vc_column_text css_animation=&#8221;appear&#8221;]<\/p>\n<h3 class=\"homepage-title-h3\">Suntem alegerea #1 a companiilor de top<\/h3>\n<p>[\/vc_column_text][vc_column_text]<div  class=\"lgx_logo_slider_app_wrapper lgx-logo-slider-wp\"><div class=\"lgx-logo-wrapper  nav-position-b-center hover-none\"  ><div class=\"owl-carousel lgx-logo-carousel\"  data-autoplaytimeout=\"0\"  data-autoplayspeed=\"3000\"  data-margin=\"10\"  data-loop=\"true\"  data-autoplay=\"true\"  data-autoplayhoverpause=\"false\"  data-dots=\"false\"  data-itemlarge=\"5\"  data-itemdesk=\"4\"  data-itemtablet=\"3\"  data-itemmobile=\"2\"  data-navlarge=\"false\"  data-navdesk=\"false\"  data-navtablet=\"false\"  data-navmobile=\"false\"  ><div class=\"item lgx-log-item\" ><div class=\"lgx-logo-item\" ><img class=\"lgx-logo-img skip-lazy\" src=\"https:\/\/co-factor.com\/wp-content\/uploads\/2021\/11\/1-BT.png\" style=\"max-width: 150px;max-height: 150px;\"   alt=\"\" title=\"Company\" \/><\/div><\/div><div class=\"item lgx-log-item\" ><div class=\"lgx-logo-item\" ><img class=\"lgx-logo-img skip-lazy\" src=\"https:\/\/co-factor.com\/wp-content\/uploads\/2022\/10\/Screen-Shot-2022-10-21-at-10.08.21-AM.png\" style=\"max-width: 150px;max-height: 150px;\"   alt=\"\" title=\"Company\" \/><\/div><\/div><div class=\"item lgx-log-item\" ><div class=\"lgx-logo-item\" ><img class=\"lgx-logo-img skip-lazy\" src=\"https:\/\/co-factor.com\/wp-content\/uploads\/2022\/10\/logo-sergiana_grup.jpeg\" style=\"max-width: 150px;max-height: 150px;\"   alt=\"\" title=\"Company\" \/><\/div><\/div><div class=\"item lgx-log-item\" ><div class=\"lgx-logo-item\" ><img class=\"lgx-logo-img skip-lazy\" src=\"https:\/\/co-factor.com\/wp-content\/uploads\/2022\/10\/logo-cez.png\" style=\"max-width: 150px;max-height: 150px;\"   alt=\"\" title=\"Company\" \/><\/div><\/div><div class=\"item lgx-log-item\" ><div class=\"lgx-logo-item\" ><img class=\"lgx-logo-img skip-lazy\" src=\"https:\/\/co-factor.com\/wp-content\/uploads\/2021\/11\/2-reginamaria.png\" style=\"max-width: 150px;max-height: 150px;\"   alt=\"\" title=\"Company\" \/><\/div><\/div><div class=\"item lgx-log-item\" ><div class=\"lgx-logo-item\" ><img class=\"lgx-logo-img skip-lazy\" src=\"https:\/\/co-factor.com\/wp-content\/uploads\/2021\/11\/3-firstbank.png\" style=\"max-width: 150px;max-height: 150px;\"   alt=\"\" title=\"Company\" \/><\/div><\/div><div class=\"item lgx-log-item\" ><div class=\"lgx-logo-item\" ><img class=\"lgx-logo-img skip-lazy\" src=\"https:\/\/co-factor.com\/wp-content\/uploads\/2021\/11\/4-groupama.png\" style=\"max-width: 150px;max-height: 150px;\"   alt=\"\" title=\"Company\" \/><\/div><\/div><div class=\"item lgx-log-item\" ><div class=\"lgx-logo-item\" ><img class=\"lgx-logo-img skip-lazy\" src=\"https:\/\/co-factor.com\/wp-content\/uploads\/2021\/11\/5-secom.png\" style=\"max-width: 150px;max-height: 150px;\"   alt=\"\" title=\"Company\" \/><\/div><\/div><div class=\"item lgx-log-item\" ><div class=\"lgx-logo-item\" ><img class=\"lgx-logo-img skip-lazy\" src=\"https:\/\/co-factor.com\/wp-content\/uploads\/2021\/11\/6-otpbank.png\" style=\"max-width: 150px;max-height: 150px;\"   alt=\"\" title=\"Company\" \/><\/div><\/div><div class=\"item lgx-log-item\" ><div class=\"lgx-logo-item\" ><img class=\"lgx-logo-img skip-lazy\" src=\"https:\/\/co-factor.com\/wp-content\/uploads\/2021\/11\/7-flanco.png\" style=\"max-width: 150px;max-height: 150px;\"   alt=\"\" title=\"Company\" \/><\/div><\/div><div class=\"item lgx-log-item\" ><div class=\"lgx-logo-item\" ><img class=\"lgx-logo-img skip-lazy\" src=\"https:\/\/co-factor.com\/wp-content\/uploads\/2021\/11\/8-caroli.png\" style=\"max-width: 150px;max-height: 150px;\"   alt=\"\" title=\"Company\" \/><\/div><\/div><div class=\"item lgx-log-item\" ><div class=\"lgx-logo-item\" ><img class=\"lgx-logo-img skip-lazy\" src=\"https:\/\/co-factor.com\/wp-content\/uploads\/2021\/11\/9-alphabank.png\" style=\"max-width: 150px;max-height: 150px;\"   alt=\"\" title=\"Company\" \/><\/div><\/div><div class=\"item lgx-log-item\" ><div class=\"lgx-logo-item\" ><img class=\"lgx-logo-img skip-lazy\" src=\"https:\/\/co-factor.com\/wp-content\/uploads\/2021\/11\/11-imsat.png\" style=\"max-width: 150px;max-height: 150px;\"   alt=\"\" title=\"Company\" \/><\/div><\/div><div class=\"item lgx-log-item\" ><div class=\"lgx-logo-item\" ><img class=\"lgx-logo-img skip-lazy\" src=\"https:\/\/co-factor.com\/wp-content\/uploads\/2021\/11\/12-signaliduna.png\" style=\"max-width: 150px;max-height: 150px;\"   alt=\"\" title=\"Company\" \/><\/div><\/div><div class=\"item lgx-log-item\" ><div class=\"lgx-logo-item\" ><img class=\"lgx-logo-img skip-lazy\" src=\"https:\/\/co-factor.com\/wp-content\/uploads\/2021\/11\/13-nepi-rock.png\" style=\"max-width: 150px;max-height: 150px;\"   alt=\"\" title=\"Company\" \/><\/div><\/div><div class=\"item lgx-log-item\" ><div class=\"lgx-logo-item\" ><img class=\"lgx-logo-img skip-lazy\" src=\"https:\/\/co-factor.com\/wp-content\/uploads\/2021\/11\/14-richter.png\" style=\"max-width: 150px;max-height: 150px;\"   alt=\"\" title=\"Company\" \/><\/div><\/div><div class=\"item lgx-log-item\" ><div class=\"lgx-logo-item\" ><img class=\"lgx-logo-img skip-lazy\" src=\"https:\/\/co-factor.com\/wp-content\/uploads\/2021\/11\/15-alexandrion.png\" style=\"max-width: 150px;max-height: 150px;\"   alt=\"\" title=\"Company\" \/><\/div><\/div><div class=\"item lgx-log-item\" ><div class=\"lgx-logo-item\" ><img class=\"lgx-logo-img skip-lazy\" src=\"https:\/\/co-factor.com\/wp-content\/uploads\/2021\/11\/16-vittera.png\" style=\"max-width: 150px;max-height: 150px;\"   alt=\"\" title=\"Company\" \/><\/div><\/div><\/div><\/div><\/div>[\/vc_column_text][\/vc_column][vc_column width=&#8221;1\/6&#8243;][\/vc_column][\/vc_row][vc_row full_width=&#8221;stretch_row_content_no_spaces&#8221; full_height=&#8221;yes&#8221; _et_uniqid=&#8221;et_custom_uniqid_new_61aa06fe11301&#8243; css=&#8221;.vc_custom_1638532866921{margin-bottom: -69px !important;background-image: url(http:\/\/co-factor.com\/wp-content\/uploads\/2021\/11\/bg_newsletter.png?id=3237) !important;background-position: center !important;background-repeat: no-repeat !important;background-size: contain !important;}&#8221; el_id=&#8221;sect-newsletter&#8221;][vc_column width=&#8221;1\/6&#8243;][\/vc_column][vc_column width=&#8221;2\/3&#8243;][vc_column_text css_animation=&#8221;slideInDown&#8221;]<\/p>\n<h3 class=\"homepage-title-h3\">C\u00e2nd angaja\u021bii au succes, companiile prosper\u0103<\/h3>\n<p>[\/vc_column_text][vc_column_text css_animation=&#8221;appear&#8221;]<\/p>\n<p class=\"homepage-text-24\">Aboneaz\u0103-te la Newsletter \u0219i fii la curent<br \/>\ncu cele mai noi tendin\u021be \u00een HR!<\/p>\n<p>[\/vc_column_text][vc_column_text]<script>(function() {\n\twindow.mc4wp = window.mc4wp || {\n\t\tlisteners: [],\n\t\tforms: {\n\t\t\ton: function(evt, cb) {\n\t\t\t\twindow.mc4wp.listeners.push(\n\t\t\t\t\t{\n\t\t\t\t\t\tevent   : evt,\n\t\t\t\t\t\tcallback: cb\n\t\t\t\t\t}\n\t\t\t\t);\n\t\t\t}\n\t\t}\n\t}\n})();\n<\/script><!-- Mailchimp for WordPress v4.8.6 - https:\/\/wordpress.org\/plugins\/mailchimp-for-wp\/ --><form id=\"mc4wp-form-1\" class=\"mc4wp-form mc4wp-form-362\" method=\"post\" data-id=\"362\" data-name=\"Form\" ><div class=\"mc4wp-form-fields\"><div>\r\n    <p style=\"text-align:center;\">\r\n\t<input type=\"email\" name=\"EMAIL\" placeholder=\"your email address\" required class=\"newsletter-input-box input-inline\"\/>\r\n    <input type=\"submit\" value=\"Subscribe\" class=\"input-inline btn-subscribe\" \/>\r\n    <\/p><p style=\"text-align:center;\">\r\n    <label>\r\n        <input name=\"AGREE_TO_TERMS\" type=\"checkbox\" value=\"1\" required=\"\" checked> <a href=\"https:\/\/co-factor.com\/privacy-policy\/\" target=\"_blank\">By subscribing to this newsletter I agree to the Terms of use and Privacy Policy.<\/a>\r\n    <\/label>\r\n<\/p>\r\n\r\n<\/div><\/div><label style=\"display: none !important;\">Leave this field empty if you're human: <input type=\"text\" name=\"_mc4wp_honeypot\" value=\"\" tabindex=\"-1\" autocomplete=\"off\" \/><\/label><input type=\"hidden\" name=\"_mc4wp_timestamp\" value=\"1776867204\" \/><input type=\"hidden\" name=\"_mc4wp_form_id\" value=\"362\" \/><input type=\"hidden\" name=\"_mc4wp_form_element_id\" value=\"mc4wp-form-1\" \/><div class=\"mc4wp-response\"><\/div><\/form><!-- \/ Mailchimp for WordPress Plugin -->[\/vc_column_text][\/vc_column][vc_column width=&#8221;1\/6&#8243;][\/vc_column][\/vc_row]<\/p>\n","protected":false},"excerpt":{"rendered":"<p>[vc_row full_width=&#8221;stretch_row_content&#8221; full_height=&#8221;yes&#8221; columns_placement=&#8221;top&#8221; equal_height=&#8221;yes&#8221; content_placement=&#8221;top&#8221; css_animation=&#8221;none&#8221; background_position=&#8221;center&#8221; animation_in_type=&#8221;transition.expandIn&#8221; animation_in_offset=&#8221;100&#8243; anima&#8230;<\/p>\n","protected":false},"author":1,"featured_media":0,"parent":0,"menu_order":0,"comment_status":"closed","ping_status":"closed","template":"","meta":{"inline_featured_image":false},"translation":{"provider":"WPGlobus","version":"2.8.10","language":"ro","enabled_languages":["en","ro"],"languages":{"en":{"title":true,"content":true,"excerpt":true},"ro":{"title":true,"content":true,"excerpt":true}}},"_links":{"self":[{"href":"https:\/\/co-factor.com\/ro\/wp-json\/wp\/v2\/pages\/169"}],"collection":[{"href":"https:\/\/co-factor.com\/ro\/wp-json\/wp\/v2\/pages"}],"about":[{"href":"https:\/\/co-factor.com\/ro\/wp-json\/wp\/v2\/types\/page"}],"author":[{"embeddable":true,"href":"https:\/\/co-factor.com\/ro\/wp-json\/wp\/v2\/users\/1"}],"replies":[{"embeddable":true,"href":"https:\/\/co-factor.com\/ro\/wp-json\/wp\/v2\/comments?post=169"}],"version-history":[{"count":0,"href":"https:\/\/co-factor.com\/ro\/wp-json\/wp\/v2\/pages\/169\/revisions"}],"wp:attachment":[{"href":"https:\/\/co-factor.com\/ro\/wp-json\/wp\/v2\/media?parent=169"}],"curies":[{"name":"wp","href":"https:\/\/api.w.org\/{rel}","templated":true}]}}